{"id":947,"date":"2020-08-11T13:25:37","date_gmt":"2020-08-11T10:25:37","guid":{"rendered":"http:\/\/cloud25.hostingpalvelu.fi\/~polargri\/polarshop_NEW\/tuote\/kaffeekanne\/"},"modified":"2020-08-11T13:25:37","modified_gmt":"2020-08-11T10:25:37","slug":"kaffeekanne","status":"publish","type":"product","link":"https:\/\/www.polarshop.fi\/de\/tuote\/kaffeekanne\/","title":{"rendered":"Kaffeekanne"},"content":{"rendered":"<ul>\n<li>Volumen: 1 Liter<\/li>\n<li>Material: Edelstahl<\/li>\n<\/ul>\n","protected":false},"excerpt":{"rendered":"<p>Sie k\u00f6nnen Ihren G\u00e4sten eine in einer Kanne \u00fcber offenem Feuer gebraute Tasse Kaffee servieren. Alle Polar Grillis sind mit einem Kaffeekannenhaken ausgestattet, an dem Sie diese stilvolle Kaffeekanne aus Edelstahl aufh\u00e4ngen k\u00f6nnen.<\/p>\n<p>Die Kaffeekanne ist f\u00fcr jede Art Kocher\/Herd geeignet und sp\u00fclmaschinenfest.<\/p>\n","protected":false},"featured_media":2623,"template":"","meta":{"_acf_changed":false},"product_brand":[],"product_cat":[91,72],"product_tag":[],"class_list":{"0":"post-947","1":"product","2":"type-product","3":"status-publish","4":"has-post-thumbnail","6":"product_cat-weitere-produkte","7":"product_cat-zubehoer","8":"product_shipping_class-posti-de","10":"first","11":"instock","12":"taxable","13":"shipping-taxable","14":"purchasable","15":"product-type-simple"},"acf":[],"_links":{"self":[{"href":"https:\/\/www.polarshop.fi\/de\/wp-json\/wp\/v2\/product\/947","targetHints":{"allow":["GET"]}}],"collection":[{"href":"https:\/\/www.polarshop.fi\/de\/wp-json\/wp\/v2\/product"}],"about":[{"href":"https:\/\/www.polarshop.fi\/de\/wp-json\/wp\/v2\/types\/product"}],"wp:featuredmedia":[{"embeddable":true,"href":"https:\/\/www.polarshop.fi\/de\/wp-json\/wp\/v2\/media\/2623"}],"wp:attachment":[{"href":"https:\/\/www.polarshop.fi\/de\/wp-json\/wp\/v2\/media?parent=947"}],"wp:term":[{"taxonomy":"product_brand","embeddable":true,"href":"https:\/\/www.polarshop.fi\/de\/wp-json\/wp\/v2\/product_brand?post=947"},{"taxonomy":"product_cat","embeddable":true,"href":"https:\/\/www.polarshop.fi\/de\/wp-json\/wp\/v2\/product_cat?post=947"},{"taxonomy":"product_tag","embeddable":true,"href":"https:\/\/www.polarshop.fi\/de\/wp-json\/wp\/v2\/product_tag?post=947"}],"curies":[{"name":"wp","href":"https:\/\/api.w.org\/{rel}","templated":true}]}}