{"id":946,"date":"2020-08-11T13:22:52","date_gmt":"2020-08-11T10:22:52","guid":{"rendered":"http:\/\/cloud25.hostingpalvelu.fi\/~polargri\/polarshop_NEW\/tuote\/polar-gusseisen-servierplatte\/"},"modified":"2024-03-20T09:52:46","modified_gmt":"2024-03-20T07:52:46","slug":"polar-gusseisen-servierplatte","status":"publish","type":"product","link":"https:\/\/www.polarshop.fi\/de\/tuote\/polar-gusseisen-servierplatte\/","title":{"rendered":"Polar Gusseisen Servierplatte"},"content":{"rendered":"<div>Gr\u00f6\u00dfe:<\/div>\n<ul>\n<li>Holztablett: 31.5 x 17 x 17 x 2 cm<\/li>\n<li>Servierplatte aus Gusseisen: 29 x 16 x 17 x 2,9 cm<\/li>\n<li>Gewicht: 1,35 kg<\/li>\n<\/ul>\n","protected":false},"excerpt":{"rendered":"<p><em>Eine gusseiserne Servierplatte auf einem Holztablett<\/em><\/p>\n<p>Die gusseiserne Servierplatte kann sowohl zum Servieren als auch zum Braten verwendet werden.<br \/>\nBeachten Sie: Das Holztablett darf nur zum Servieren, nicht zum Braten verwendet werden.<\/p>\n<p>Wir empfehlen, einen Teller vor der Verwendung mit Sonnenblumen- oder Traubenkern\u00f6l zu \u00f6len. Sie k\u00f6nnen auch eine W\u00fcrzung durchf\u00fchren; legen Sie einen Teller auf Papier oder ein Handtuch und verteilen Sie \u00d6l \u00fcberall.<\/p>\n<p>\u00dcbersch\u00fcssiges \u00d6l abwischen und den Teller auf einem elektrischen Herd oder auf einem Grill mit Holzkohle erw\u00e4rmen. Nach dem W\u00fcrzen den Teller erneut ein\u00f6len.<\/p>\n<p>Nach der Verwendung mit warmem Wasser und einer weichen B\u00fcrste reinigen (kein Reinigungsmittel verwenden). Den Teller gr\u00fcndlich reinigen und ein\u00f6len. An einem trockenen und warmen Ort aufbewahren.<\/p>\n","protected":false},"featured_media":590,"template":"","meta":{"_acf_changed":false},"product_brand":[],"product_cat":[91,72],"product_tag":[],"class_list":{"0":"post-946","1":"product","2":"type-product","3":"status-publish","4":"has-post-thumbnail","6":"product_cat-weitere-produkte","7":"product_cat-zubehoer","8":"product_shipping_class-posti-de","10":"first","11":"instock","12":"taxable","13":"shipping-taxable","14":"purchasable","15":"product-type-simple"},"acf":[],"_links":{"self":[{"href":"https:\/\/www.polarshop.fi\/de\/wp-json\/wp\/v2\/product\/946","targetHints":{"allow":["GET"]}}],"collection":[{"href":"https:\/\/www.polarshop.fi\/de\/wp-json\/wp\/v2\/product"}],"about":[{"href":"https:\/\/www.polarshop.fi\/de\/wp-json\/wp\/v2\/types\/product"}],"wp:featuredmedia":[{"embeddable":true,"href":"https:\/\/www.polarshop.fi\/de\/wp-json\/wp\/v2\/media\/590"}],"wp:attachment":[{"href":"https:\/\/www.polarshop.fi\/de\/wp-json\/wp\/v2\/media?parent=946"}],"wp:term":[{"taxonomy":"product_brand","embeddable":true,"href":"https:\/\/www.polarshop.fi\/de\/wp-json\/wp\/v2\/product_brand?post=946"},{"taxonomy":"product_cat","embeddable":true,"href":"https:\/\/www.polarshop.fi\/de\/wp-json\/wp\/v2\/product_cat?post=946"},{"taxonomy":"product_tag","embeddable":true,"href":"https:\/\/www.polarshop.fi\/de\/wp-json\/wp\/v2\/product_tag?post=946"}],"curies":[{"name":"wp","href":"https:\/\/api.w.org\/{rel}","templated":true}]}}