{"id":942,"date":"2020-08-11T13:03:52","date_gmt":"2020-08-11T10:03:52","guid":{"rendered":"http:\/\/cloud25.hostingpalvelu.fi\/~polargri\/polarshop_NEW\/tuote\/abdeckplatte-fur-polar-grilli-l8\/"},"modified":"2022-05-04T09:09:17","modified_gmt":"2022-05-04T06:09:17","slug":"abdeckplatte-fur-polar-grilli-l8","status":"publish","type":"product","link":"https:\/\/www.polarshop.fi\/de\/tuote\/abdeckplatte-fur-polar-grilli-l8\/","title":{"rendered":"Abdeckplatte f\u00fcr Polar Grilli L8"},"content":{"rendered":"<ul>\n<li>Breite: 57,6 cm<\/li>\n<li>H\u00f6he: 51,7 cm (Grill h\u00f6he 67 cm) oder 69,6 cm (Grill h\u00f6he 85cm)<\/li>\n<li>Tiefe: 10,5 cm<\/li>\n<li>Farbe: schwarz<\/li>\n<li>Geeignet f\u00fcr Polar Grilli L8<\/li>\n<li>Hergestellt in Finnland<\/li>\n<\/ul>\n","protected":false},"excerpt":{"rendered":"<p>Diese Abdeckplatte kann verwendet werden, um das Erscheinungsbild eines Polar Grilli L8 zu \u00e4ndern oder den Luftzug zu verbessern. Die Platte bedeckt den vorderen Teil des Sockels, der sonst offen bleiben w\u00fcrde. Ein praktischer Griff erleichtert das Anbringen und Entfernen.<\/p>\n<p>W\u00e4hlen Sie die rechte Abdeckplatte entsprechend der Polar Grilli L8 H\u00f6he. Die Standardh\u00f6he des L8 betr\u00e4gt 67 cm und mit hoher Basis 85 cm.<\/p>\n","protected":false},"featured_media":544,"template":"","meta":{"_acf_changed":false},"product_brand":[],"product_cat":[90,72],"product_tag":[],"class_list":{"0":"post-942","1":"product","2":"type-product","3":"status-publish","4":"has-post-thumbnail","6":"product_cat-sockel-abdeckplatten","7":"product_cat-zubehoer","8":"product_shipping_class-posti-de","10":"first","11":"instock","12":"taxable","13":"shipping-taxable","14":"purchasable","15":"product-type-simple"},"acf":[],"_links":{"self":[{"href":"https:\/\/www.polarshop.fi\/de\/wp-json\/wp\/v2\/product\/942","targetHints":{"allow":["GET"]}}],"collection":[{"href":"https:\/\/www.polarshop.fi\/de\/wp-json\/wp\/v2\/product"}],"about":[{"href":"https:\/\/www.polarshop.fi\/de\/wp-json\/wp\/v2\/types\/product"}],"wp:featuredmedia":[{"embeddable":true,"href":"https:\/\/www.polarshop.fi\/de\/wp-json\/wp\/v2\/media\/544"}],"wp:attachment":[{"href":"https:\/\/www.polarshop.fi\/de\/wp-json\/wp\/v2\/media?parent=942"}],"wp:term":[{"taxonomy":"product_brand","embeddable":true,"href":"https:\/\/www.polarshop.fi\/de\/wp-json\/wp\/v2\/product_brand?post=942"},{"taxonomy":"product_cat","embeddable":true,"href":"https:\/\/www.polarshop.fi\/de\/wp-json\/wp\/v2\/product_cat?post=942"},{"taxonomy":"product_tag","embeddable":true,"href":"https:\/\/www.polarshop.fi\/de\/wp-json\/wp\/v2\/product_tag?post=942"}],"curies":[{"name":"wp","href":"https:\/\/api.w.org\/{rel}","templated":true}]}}