{"id":940,"date":"2020-08-11T13:00:27","date_gmt":"2020-08-11T10:00:27","guid":{"rendered":"http:\/\/cloud25.hostingpalvelu.fi\/~polargri\/polarshop_NEW\/tuote\/abdeckplatte-fur-polar-grilli-m6\/"},"modified":"2022-11-28T13:07:20","modified_gmt":"2022-11-28T11:07:20","slug":"abdeckplatte-fur-polar-grilli-m6","status":"publish","type":"product","link":"https:\/\/www.polarshop.fi\/de\/tuote\/abdeckplatte-fur-polar-grilli-m6\/","title":{"rendered":"Abdeckplatte f\u00fcr Polar Grilli M6"},"content":{"rendered":"<ul>\n<li>Breite: 42,9 cm<\/li>\n<li>H\u00f6he: 54 cm (Grill h\u00f6he 67 cm) oder 70 cm (Grill h\u00f6he 74 cm)<\/li>\n<li>Tiefe: 2,1 cm<\/li>\n<li>Farbe: schwarz<\/li>\n<li>Geeignet f\u00fcr Polar Grilli M6<\/li>\n<li>Hergestellt in Finnland<\/li>\n<\/ul>\n","protected":false},"excerpt":{"rendered":"<p>Diese Abdeckplatte kann verwendet werden, um das Erscheinungsbild eines Polar Grilli M6 zu \u00e4ndern oder den Luftzug zu verbessern. Die Platte bedeckt den vorderen Teil des Sockels, der sonst offen bleiben w\u00fcrde. Ein praktischer Griff erleichtert das Anbringen und Entfernen.<\/p>\n<p>W\u00e4hlen Sie die rechte Abdeckplatte entsprechend der Polar Grilli M6 H\u00f6he. Die Standardh\u00f6he des M6 betr\u00e4gt 67 cm und mit hoher Basis 74 cm.<\/p>\n","protected":false},"featured_media":548,"template":"","meta":{"_acf_changed":false},"product_brand":[],"product_cat":[90,72],"product_tag":[],"class_list":{"0":"post-940","1":"product","2":"type-product","3":"status-publish","4":"has-post-thumbnail","6":"product_cat-sockel-abdeckplatten","7":"product_cat-zubehoer","8":"product_shipping_class-posti-de","10":"first","11":"instock","12":"taxable","13":"shipping-taxable","14":"purchasable","15":"product-type-simple"},"acf":[],"_links":{"self":[{"href":"https:\/\/www.polarshop.fi\/de\/wp-json\/wp\/v2\/product\/940","targetHints":{"allow":["GET"]}}],"collection":[{"href":"https:\/\/www.polarshop.fi\/de\/wp-json\/wp\/v2\/product"}],"about":[{"href":"https:\/\/www.polarshop.fi\/de\/wp-json\/wp\/v2\/types\/product"}],"wp:featuredmedia":[{"embeddable":true,"href":"https:\/\/www.polarshop.fi\/de\/wp-json\/wp\/v2\/media\/548"}],"wp:attachment":[{"href":"https:\/\/www.polarshop.fi\/de\/wp-json\/wp\/v2\/media?parent=940"}],"wp:term":[{"taxonomy":"product_brand","embeddable":true,"href":"https:\/\/www.polarshop.fi\/de\/wp-json\/wp\/v2\/product_brand?post=940"},{"taxonomy":"product_cat","embeddable":true,"href":"https:\/\/www.polarshop.fi\/de\/wp-json\/wp\/v2\/product_cat?post=940"},{"taxonomy":"product_tag","embeddable":true,"href":"https:\/\/www.polarshop.fi\/de\/wp-json\/wp\/v2\/product_tag?post=940"}],"curies":[{"name":"wp","href":"https:\/\/api.w.org\/{rel}","templated":true}]}}