{"id":939,"date":"2020-08-11T12:49:02","date_gmt":"2020-08-11T09:49:02","guid":{"rendered":"http:\/\/cloud25.hostingpalvelu.fi\/~polargri\/polarshop_NEW\/tuote\/abdeckplatte-fur-polar-grilli-s8\/"},"modified":"2024-10-24T13:10:16","modified_gmt":"2024-10-24T10:10:16","slug":"abdeckplatte-fur-polar-grilli-s8","status":"publish","type":"product","link":"https:\/\/www.polarshop.fi\/de\/tuote\/abdeckplatte-fur-polar-grilli-s8\/","title":{"rendered":"Abdeckplatte f\u00fcr Polar Grilli S8"},"content":{"rendered":"<ul>\n<li>Breite: 38,1 cm<\/li>\n<li>H\u00f6he: 46 cm (Grill h\u00f6he 56 cm)\u00a0 oder 58,5 cm (Grill h\u00f6he 68,5 cm)<\/li>\n<li>Tiefe: 7,1 cm<\/li>\n<li>Farbe: schwarz<\/li>\n<li>Geeignet f\u00fcr Polar Grilli S8<\/li>\n<li>Hergestellt in Finnland<\/li>\n<\/ul>\n","protected":false},"excerpt":{"rendered":"<p>Diese Abdeckplatte kann verwendet werden, um das Erscheinungsbild eines Polar Grilli S8 zu \u00e4ndern oder den Luftzug zu verbessern. Die Platte bedeckt den vorderen Teil des Sockels, der sonst offen bleiben w\u00fcrde. Ein praktischer Griff erleichtert das Anbringen und Entfernen.<\/p>\n<p>W\u00e4hlen Sie die rechte Abdeckplatte entsprechend der Polar Grilli S8 H\u00f6he. Die Standardh\u00f6he des S8 betr\u00e4gt 56 cm und mit hoher Basis 68,5 cm.<\/p>\n","protected":false},"featured_media":544,"template":"","meta":{"_acf_changed":false},"product_brand":[],"product_cat":[90,72],"product_tag":[],"class_list":{"0":"post-939","1":"product","2":"type-product","3":"status-publish","4":"has-post-thumbnail","6":"product_cat-sockel-abdeckplatten","7":"product_cat-zubehoer","8":"product_shipping_class-posti-de","10":"first","11":"instock","12":"taxable","13":"shipping-taxable","14":"purchasable","15":"product-type-simple"},"acf":[],"_links":{"self":[{"href":"https:\/\/www.polarshop.fi\/de\/wp-json\/wp\/v2\/product\/939","targetHints":{"allow":["GET"]}}],"collection":[{"href":"https:\/\/www.polarshop.fi\/de\/wp-json\/wp\/v2\/product"}],"about":[{"href":"https:\/\/www.polarshop.fi\/de\/wp-json\/wp\/v2\/types\/product"}],"wp:featuredmedia":[{"embeddable":true,"href":"https:\/\/www.polarshop.fi\/de\/wp-json\/wp\/v2\/media\/544"}],"wp:attachment":[{"href":"https:\/\/www.polarshop.fi\/de\/wp-json\/wp\/v2\/media?parent=939"}],"wp:term":[{"taxonomy":"product_brand","embeddable":true,"href":"https:\/\/www.polarshop.fi\/de\/wp-json\/wp\/v2\/product_brand?post=939"},{"taxonomy":"product_cat","embeddable":true,"href":"https:\/\/www.polarshop.fi\/de\/wp-json\/wp\/v2\/product_cat?post=939"},{"taxonomy":"product_tag","embeddable":true,"href":"https:\/\/www.polarshop.fi\/de\/wp-json\/wp\/v2\/product_tag?post=939"}],"curies":[{"name":"wp","href":"https:\/\/api.w.org\/{rel}","templated":true}]}}