{"id":936,"date":"2020-08-11T12:40:11","date_gmt":"2020-08-11T09:40:11","guid":{"rendered":"http:\/\/cloud25.hostingpalvelu.fi\/~polargri\/polarshop_NEW\/tuote\/gusseisenpfanne\/"},"modified":"2020-08-11T12:40:11","modified_gmt":"2020-08-11T09:40:11","slug":"gusseisenpfanne","status":"publish","type":"product","link":"https:\/\/www.polarshop.fi\/de\/tuote\/gusseisenpfanne\/","title":{"rendered":"Gusseisenpfanne"},"content":{"rendered":"<ul>\n<li>Durchmesser: 35 cm<\/li>\n<li>Gewicht: 5,4 kg<\/li>\n<li>Material: Gussstahl<\/li>\n<\/ul>\n","protected":false},"excerpt":{"rendered":"<p>Mit einer Gusseisenpfanne k\u00f6nnen Sie unvergessliche Mahlzeiten zubereiten. Sie k\u00f6nnen damit beispielsweise Gem\u00fcse wie im Wok zubereiten oder Pfannkuchen backen.<\/p>\n<p>Eine robuste Gusseisenpfanne kann auf dem Grillrost des Polar Grilli verwendet werden, aber Sie k\u00f6nnen auch einen speziellen Gusseisenpfannenhalter daf\u00fcr erhalten.<\/p>\n","protected":false},"featured_media":526,"template":"","meta":{"_acf_changed":false},"product_brand":[],"product_cat":[88,72],"product_tag":[],"class_list":{"0":"post-936","1":"product","2":"type-product","3":"status-publish","4":"has-post-thumbnail","6":"product_cat-gusseiserne-standgrillpfannen","7":"product_cat-zubehoer","8":"product_shipping_class-posti-de","10":"first","11":"instock","12":"taxable","13":"shipping-taxable","14":"purchasable","15":"product-type-simple"},"acf":[],"_links":{"self":[{"href":"https:\/\/www.polarshop.fi\/de\/wp-json\/wp\/v2\/product\/936","targetHints":{"allow":["GET"]}}],"collection":[{"href":"https:\/\/www.polarshop.fi\/de\/wp-json\/wp\/v2\/product"}],"about":[{"href":"https:\/\/www.polarshop.fi\/de\/wp-json\/wp\/v2\/types\/product"}],"wp:featuredmedia":[{"embeddable":true,"href":"https:\/\/www.polarshop.fi\/de\/wp-json\/wp\/v2\/media\/526"}],"wp:attachment":[{"href":"https:\/\/www.polarshop.fi\/de\/wp-json\/wp\/v2\/media?parent=936"}],"wp:term":[{"taxonomy":"product_brand","embeddable":true,"href":"https:\/\/www.polarshop.fi\/de\/wp-json\/wp\/v2\/product_brand?post=936"},{"taxonomy":"product_cat","embeddable":true,"href":"https:\/\/www.polarshop.fi\/de\/wp-json\/wp\/v2\/product_cat?post=936"},{"taxonomy":"product_tag","embeddable":true,"href":"https:\/\/www.polarshop.fi\/de\/wp-json\/wp\/v2\/product_tag?post=936"}],"curies":[{"name":"wp","href":"https:\/\/api.w.org\/{rel}","templated":true}]}}