{"id":934,"date":"2020-08-11T12:24:22","date_gmt":"2020-08-11T09:24:22","guid":{"rendered":"http:\/\/cloud25.hostingpalvelu.fi\/~polargri\/polarshop_NEW\/tuote\/platty-35-pfanne\/"},"modified":"2020-08-11T12:24:22","modified_gmt":"2020-08-11T09:24:22","slug":"platty-35-pfanne","status":"publish","type":"product","link":"https:\/\/www.polarshop.fi\/de\/tuote\/platty-35-pfanne\/","title":{"rendered":"Pl\u00e4tty 35 Pfanne"},"content":{"rendered":"<ul>\n<li>Finnische Stahlpfanne<\/li>\n<li>Durchmesser: 35 cm<\/li>\n<li>Dicke: 3 mm<\/li>\n<li>Material: Stahl<\/li>\n<li>2 Jahre Garantie (gilt f\u00fcr Material- und Verarbeitungsfehler)<\/li>\n<\/ul>\n<p>Pl\u00e4tty Pfannen werden von der finnischen Firma Polar Metalli hergestellt, die in der Herstellung hochwertiger Produkte f\u00fcr die Lebensmittelzubereitung \u00fcber jahrzehntelange Erfahrung verf\u00fcgt.<\/p>\n","protected":false},"excerpt":{"rendered":"<p><strong>Pl\u00e4tty ist eine hochwertige Stahlpfanne, hergestellt in Finnland.<\/strong><\/p>\n<p>In einer Pl\u00e4tty-Pfanne k\u00f6nnen Sie alle k\u00f6stlichen Leckereien zubereiten. Sie werden niemals damit scheitern, k\u00f6stliche Pfannkuchen (auf Finnisch: &#8218;Pl\u00e4tty&#8216;), leckere Paellas und saftige Steaks auf der Pl\u00e4tty Pfanne zuzubereiten.<\/p>\n<p>Die Pl\u00e4tty-Pfanne kann an einem Polar Grilli-Ger\u00e4t (mit gusseisernem Pfannenhalter) oder auf einem Gasbrennerring verwendet werden.<\/p>\n","protected":false},"featured_media":506,"template":"","meta":{"_acf_changed":false},"product_brand":[],"product_cat":[88,72],"product_tag":[],"class_list":{"0":"post-934","1":"product","2":"type-product","3":"status-publish","4":"has-post-thumbnail","6":"product_cat-gusseiserne-standgrillpfannen","7":"product_cat-zubehoer","8":"product_shipping_class-posti-de","10":"first","11":"instock","12":"taxable","13":"shipping-taxable","14":"purchasable","15":"product-type-simple"},"acf":[],"_links":{"self":[{"href":"https:\/\/www.polarshop.fi\/de\/wp-json\/wp\/v2\/product\/934","targetHints":{"allow":["GET"]}}],"collection":[{"href":"https:\/\/www.polarshop.fi\/de\/wp-json\/wp\/v2\/product"}],"about":[{"href":"https:\/\/www.polarshop.fi\/de\/wp-json\/wp\/v2\/types\/product"}],"wp:featuredmedia":[{"embeddable":true,"href":"https:\/\/www.polarshop.fi\/de\/wp-json\/wp\/v2\/media\/506"}],"wp:attachment":[{"href":"https:\/\/www.polarshop.fi\/de\/wp-json\/wp\/v2\/media?parent=934"}],"wp:term":[{"taxonomy":"product_brand","embeddable":true,"href":"https:\/\/www.polarshop.fi\/de\/wp-json\/wp\/v2\/product_brand?post=934"},{"taxonomy":"product_cat","embeddable":true,"href":"https:\/\/www.polarshop.fi\/de\/wp-json\/wp\/v2\/product_cat?post=934"},{"taxonomy":"product_tag","embeddable":true,"href":"https:\/\/www.polarshop.fi\/de\/wp-json\/wp\/v2\/product_tag?post=934"}],"curies":[{"name":"wp","href":"https:\/\/api.w.org\/{rel}","templated":true}]}}