{"id":930,"date":"2020-08-11T12:04:05","date_gmt":"2020-08-11T09:04:05","guid":{"rendered":"http:\/\/cloud25.hostingpalvelu.fi\/~polargri\/polarshop_NEW\/tuote\/emailliertes-grillnetz-fur-polar-grilli-m\/"},"modified":"2021-04-19T11:12:30","modified_gmt":"2021-04-19T08:12:30","slug":"emailliertes-grillnetz-fur-polar-grilli-m","status":"publish","type":"product","link":"https:\/\/www.polarshop.fi\/de\/tuote\/emailliertes-grillnetz-fur-polar-grilli-m\/","title":{"rendered":"Emailliertes Grillnetz f\u00fcr Polar Grilli M"},"content":{"rendered":"<ul>\n<li>Farbe: schwarz<\/li>\n<li>Gr\u00f6\u00dfe: 72 x 40,5 cm<\/li>\n<li>Inklusive 2 Grillnetze<\/li>\n<li>F\u00fcr den Polar Grilli M geeignet<\/li>\n<\/ul>\n<figure class=\"wp-block-embed wp-block-embed-youtube is-type-video is-provider-youtube epyt-figure\"><div class=\"wp-block-embed__wrapper\"><iframe  id=\"_ytid_82845\"  width=\"980\" height=\"551\"  data-origwidth=\"980\" data-origheight=\"551\" src=\"https:\/\/www.youtube.com\/embed\/rf2f2c40Ay8?enablejsapi=1&autoplay=0&cc_load_policy=0&cc_lang_pref=&iv_load_policy=1&loop=0&rel=1&fs=1&playsinline=0&autohide=2&theme=dark&color=red&controls=1&disablekb=0&\" class=\"__youtube_prefs__  no-lazyload\" title=\"YouTube player\"  allow=\"fullscreen; accelerometer; autoplay; clipboard-write; encrypted-media; gyroscope; picture-in-picture; web-share\" referrerpolicy=\"strict-origin-when-cross-origin\" allowfullscreen data-no-lazy=\"1\" data-skipgform_ajax_framebjll=\"\"><\/iframe><\/div><\/figure>\n","protected":false},"excerpt":{"rendered":"<p>Das emaillierte Grillnetz bietet mehr Fl\u00e4che zum Grillen. Im Preis enthalten sind zwei schwarze Netze, die zusammen oder einzeln verwendet werden k\u00f6nnen.<\/p>\n<p><em>Dieses Modell ist f\u00fcr den Polar Grilli M geeignet.<\/em><\/p>\n<p>Holzkohle oder Brennholz hinzuzuf\u00fcgen ist einfach: Sie k\u00f6nnen ein Netz anheben oder beide \u00f6ffnen.<\/p>\n","protected":false},"featured_media":474,"template":"","meta":{"_acf_changed":false},"product_brand":[],"product_cat":[87,72],"product_tag":[],"class_list":{"0":"post-930","1":"product","2":"type-product","3":"status-publish","4":"has-post-thumbnail","6":"product_cat-grillgitter-und-grillhalter","7":"product_cat-zubehoer","8":"product_shipping_class-posti-de","10":"first","11":"instock","12":"taxable","13":"shipping-taxable","14":"purchasable","15":"product-type-simple"},"acf":[],"_links":{"self":[{"href":"https:\/\/www.polarshop.fi\/de\/wp-json\/wp\/v2\/product\/930","targetHints":{"allow":["GET"]}}],"collection":[{"href":"https:\/\/www.polarshop.fi\/de\/wp-json\/wp\/v2\/product"}],"about":[{"href":"https:\/\/www.polarshop.fi\/de\/wp-json\/wp\/v2\/types\/product"}],"wp:featuredmedia":[{"embeddable":true,"href":"https:\/\/www.polarshop.fi\/de\/wp-json\/wp\/v2\/media\/474"}],"wp:attachment":[{"href":"https:\/\/www.polarshop.fi\/de\/wp-json\/wp\/v2\/media?parent=930"}],"wp:term":[{"taxonomy":"product_brand","embeddable":true,"href":"https:\/\/www.polarshop.fi\/de\/wp-json\/wp\/v2\/product_brand?post=930"},{"taxonomy":"product_cat","embeddable":true,"href":"https:\/\/www.polarshop.fi\/de\/wp-json\/wp\/v2\/product_cat?post=930"},{"taxonomy":"product_tag","embeddable":true,"href":"https:\/\/www.polarshop.fi\/de\/wp-json\/wp\/v2\/product_tag?post=930"}],"curies":[{"name":"wp","href":"https:\/\/api.w.org\/{rel}","templated":true}]}}