{"id":923,"date":"2020-08-11T11:22:26","date_gmt":"2020-08-11T08:22:26","guid":{"rendered":"http:\/\/cloud25.hostingpalvelu.fi\/~polargri\/polarshop_NEW\/tuote\/gusseisenrost-fur-polar-grilli-l8\/"},"modified":"2020-08-11T11:22:26","modified_gmt":"2020-08-11T08:22:26","slug":"gusseisenrost-fur-polar-grilli-l8","status":"publish","type":"product","link":"https:\/\/www.polarshop.fi\/de\/tuote\/gusseisenrost-fur-polar-grilli-l8\/","title":{"rendered":"Gusseisenrost f\u00fcr Polar Grilli L8"},"content":{"rendered":"<ul>\n<li>Abmessungen: 29 x 13,5 cm<\/li>\n<li>Material: Gusseisen<\/li>\n<li>Hergestellt in der EU<\/li>\n<\/ul>\n<p>Ein regelm\u00e4\u00dfiges Entleeren der Aschepfanne verl\u00e4ngert die Lebensdauer des Grillrostes.<\/p>\n","protected":false},"excerpt":{"rendered":"<p>Rechteckige Gusseisenroste sind vielseitig und k\u00f6nnen auf einem Grill oder in einer Feuerstelle verwendet werden. Die Abmessungen des Gusseisenrostes betragen 29 x 13,5 cm.<\/p>\n<p><strong>Bitte beachten Sie, dass es in einem Polar Grilli L8 zwei solcher gusseisernen Roste gibt und Sie daher zwei dieser Artikel bestellen sollten.<\/strong><\/p>\n<p>Wenn Sie sich nicht sicher sind, ob der Grillrost f\u00fcr Ihr Grillmodell geeignet ist, wenden Sie sich bitte an uns unter: info@polarmetalli.fi<\/p>\n","protected":false},"featured_media":421,"template":"","meta":{"_acf_changed":false},"product_brand":[],"product_cat":[86,72],"product_tag":[],"class_list":{"0":"post-923","1":"product","2":"type-product","3":"status-publish","4":"has-post-thumbnail","6":"product_cat-gusseiserne-roste","7":"product_cat-zubehoer","8":"product_shipping_class-posti-de","10":"first","11":"instock","12":"taxable","13":"shipping-taxable","14":"purchasable","15":"product-type-simple"},"acf":[],"_links":{"self":[{"href":"https:\/\/www.polarshop.fi\/de\/wp-json\/wp\/v2\/product\/923","targetHints":{"allow":["GET"]}}],"collection":[{"href":"https:\/\/www.polarshop.fi\/de\/wp-json\/wp\/v2\/product"}],"about":[{"href":"https:\/\/www.polarshop.fi\/de\/wp-json\/wp\/v2\/types\/product"}],"wp:featuredmedia":[{"embeddable":true,"href":"https:\/\/www.polarshop.fi\/de\/wp-json\/wp\/v2\/media\/421"}],"wp:attachment":[{"href":"https:\/\/www.polarshop.fi\/de\/wp-json\/wp\/v2\/media?parent=923"}],"wp:term":[{"taxonomy":"product_brand","embeddable":true,"href":"https:\/\/www.polarshop.fi\/de\/wp-json\/wp\/v2\/product_brand?post=923"},{"taxonomy":"product_cat","embeddable":true,"href":"https:\/\/www.polarshop.fi\/de\/wp-json\/wp\/v2\/product_cat?post=923"},{"taxonomy":"product_tag","embeddable":true,"href":"https:\/\/www.polarshop.fi\/de\/wp-json\/wp\/v2\/product_tag?post=923"}],"curies":[{"name":"wp","href":"https:\/\/api.w.org\/{rel}","templated":true}]}}