{"id":922,"date":"2020-08-11T11:20:00","date_gmt":"2020-08-11T08:20:00","guid":{"rendered":"http:\/\/cloud25.hostingpalvelu.fi\/~polargri\/polarshop_NEW\/tuote\/stahlrost-fur-polar-grilli-m6\/"},"modified":"2025-02-26T09:37:47","modified_gmt":"2025-02-26T07:37:47","slug":"stahlrost-fur-polar-grilli-m6","status":"publish","type":"product","link":"https:\/\/www.polarshop.fi\/de\/tuote\/stahlrost-fur-polar-grilli-m6\/","title":{"rendered":"Stahlrost f\u00fcr Polar Grilli M6"},"content":{"rendered":"<p>Die Abmessungen des sechseckig Rost betragen 34 (H\u00f6he) x 39 (Breite) cm.<\/p>\n<p>Beachten Sie: Ein regelm\u00e4\u00dfiges Entleeren der Aschebeh\u00e4lter verl\u00e4ngert die Lebensdauer des Grillrostes.<\/p>\n","protected":false},"excerpt":{"rendered":"<p>Dieser sechseckige Stahlrost wird f\u00fcr den Polar Grill M6 verwendet. Sie k\u00f6nnen auf dem Grillrost Holzkohle oder Holz verbrennen. Reinigen Sie die Feuerbox nach jedem Gebrauch und entfernen Sie die Asche mit einer B\u00fcrste. Es ist empfehlenswert, die Bauteile, die in Kontakt mit Feuer kommen, gelegentlich leicht einzu\u00f6len (mit Sonnenblumen- oder Traubenkern\u00f6l), um ihre Lebensdauer zu verl\u00e4ngern. Wird der Aschebeh\u00e4lter nicht regelm\u00e4\u00dfig geleert, kann die Hitze von unten den Rost besch\u00e4digen. Achten Sie daher darauf, den Aschebeh\u00e4lter regelm\u00e4\u00dfig zu entleeren.<\/p>\n<p>M\u00f6chten Sie wissen, ob der Grillrost f\u00fcr Ihr Grillmodell geeignet ist? Sie k\u00f6nnen uns gerne fragen unter: info@polarmetalli.fi<\/p>\n","protected":false},"featured_media":4118,"template":"","meta":{"_acf_changed":false},"product_brand":[],"product_cat":[86,72],"product_tag":[],"class_list":{"0":"post-922","1":"product","2":"type-product","3":"status-publish","4":"has-post-thumbnail","6":"product_cat-gusseiserne-roste","7":"product_cat-zubehoer","8":"product_shipping_class-posti-de","10":"first","11":"instock","12":"taxable","13":"shipping-taxable","14":"purchasable","15":"product-type-simple"},"acf":[],"_links":{"self":[{"href":"https:\/\/www.polarshop.fi\/de\/wp-json\/wp\/v2\/product\/922","targetHints":{"allow":["GET"]}}],"collection":[{"href":"https:\/\/www.polarshop.fi\/de\/wp-json\/wp\/v2\/product"}],"about":[{"href":"https:\/\/www.polarshop.fi\/de\/wp-json\/wp\/v2\/types\/product"}],"wp:featuredmedia":[{"embeddable":true,"href":"https:\/\/www.polarshop.fi\/de\/wp-json\/wp\/v2\/media\/4118"}],"wp:attachment":[{"href":"https:\/\/www.polarshop.fi\/de\/wp-json\/wp\/v2\/media?parent=922"}],"wp:term":[{"taxonomy":"product_brand","embeddable":true,"href":"https:\/\/www.polarshop.fi\/de\/wp-json\/wp\/v2\/product_brand?post=922"},{"taxonomy":"product_cat","embeddable":true,"href":"https:\/\/www.polarshop.fi\/de\/wp-json\/wp\/v2\/product_cat?post=922"},{"taxonomy":"product_tag","embeddable":true,"href":"https:\/\/www.polarshop.fi\/de\/wp-json\/wp\/v2\/product_tag?post=922"}],"curies":[{"name":"wp","href":"https:\/\/api.w.org\/{rel}","templated":true}]}}