{"id":921,"date":"2020-08-11T11:11:31","date_gmt":"2020-08-11T08:11:31","guid":{"rendered":"http:\/\/cloud25.hostingpalvelu.fi\/~polargri\/polarshop_NEW\/tuote\/stahlrost-fur-polar-grilli-s8-und-m8\/"},"modified":"2025-02-27T08:54:31","modified_gmt":"2025-02-27T06:54:31","slug":"stahlrost-fur-polar-grilli-s8-und-m8","status":"publish","type":"product","link":"https:\/\/www.polarshop.fi\/de\/tuote\/stahlrost-fur-polar-grilli-s8-und-m8\/","title":{"rendered":"Stahlrost f\u00fcr Polar Grilli S8 und M8"},"content":{"rendered":"<ul>\n<li>H\u00f6he: 31 cm<\/li>\n<li>Breite: 31 cm<\/li>\n<li>Hergestellt in der EU<\/li>\n<\/ul>\n<p>Ein regelm\u00e4\u00dfiges Entleeren der Aschebeh\u00e4lter verl\u00e4ngert die Lebensdauer des Grillrostes.<\/p>\n","protected":false},"excerpt":{"rendered":"<p>Dieser achteckige Stahlrost wird f\u00fcr Polar Grilli S8 und M8 verwendet. Sie k\u00f6nnen auf dem Grillrost Holzkohle oder Holz verbrennen. Reinigen Sie die Feuerbox nach jedem Gebrauch und entfernen Sie die Asche mit einer B\u00fcrste. Es ist empfehlenswert, die Bauteile, die in Kontakt mit Feuer kommen, gelegentlich leicht einzu\u00f6len (mit Sonnenblumen- oder Traubenkern\u00f6l), um ihre Lebensdauer zu verl\u00e4ngern. Wird der Aschebeh\u00e4lter nicht regelm\u00e4\u00dfig geleert, kann die Hitze von unten den Rost besch\u00e4digen. Achten Sie daher darauf, den Aschebeh\u00e4lter regelm\u00e4\u00dfig zu entleeren.<\/p>\n<p>Wenn Sie sich nicht sicher sind, ob dieses Gitter f\u00fcr Ihren Grill geeignet ist, wenden Sie sich bitte an uns unter: info@polarmetalli.fi<\/p>\n","protected":false},"featured_media":4121,"template":"","meta":{"_acf_changed":false},"product_brand":[],"product_cat":[86,72],"product_tag":[],"class_list":{"0":"post-921","1":"product","2":"type-product","3":"status-publish","4":"has-post-thumbnail","6":"product_cat-gusseiserne-roste","7":"product_cat-zubehoer","8":"product_shipping_class-posti-de","10":"first","11":"instock","12":"taxable","13":"shipping-taxable","14":"purchasable","15":"product-type-simple"},"acf":[],"_links":{"self":[{"href":"https:\/\/www.polarshop.fi\/de\/wp-json\/wp\/v2\/product\/921","targetHints":{"allow":["GET"]}}],"collection":[{"href":"https:\/\/www.polarshop.fi\/de\/wp-json\/wp\/v2\/product"}],"about":[{"href":"https:\/\/www.polarshop.fi\/de\/wp-json\/wp\/v2\/types\/product"}],"wp:featuredmedia":[{"embeddable":true,"href":"https:\/\/www.polarshop.fi\/de\/wp-json\/wp\/v2\/media\/4121"}],"wp:attachment":[{"href":"https:\/\/www.polarshop.fi\/de\/wp-json\/wp\/v2\/media?parent=921"}],"wp:term":[{"taxonomy":"product_brand","embeddable":true,"href":"https:\/\/www.polarshop.fi\/de\/wp-json\/wp\/v2\/product_brand?post=921"},{"taxonomy":"product_cat","embeddable":true,"href":"https:\/\/www.polarshop.fi\/de\/wp-json\/wp\/v2\/product_cat?post=921"},{"taxonomy":"product_tag","embeddable":true,"href":"https:\/\/www.polarshop.fi\/de\/wp-json\/wp\/v2\/product_tag?post=921"}],"curies":[{"name":"wp","href":"https:\/\/api.w.org\/{rel}","templated":true}]}}