{"id":920,"date":"2020-08-11T11:01:31","date_gmt":"2020-08-11T08:01:31","guid":{"rendered":"http:\/\/cloud25.hostingpalvelu.fi\/~polargri\/polarshop_NEW\/tuote\/hauben-set-l\/"},"modified":"2020-08-11T11:01:31","modified_gmt":"2020-08-11T08:01:31","slug":"hauben-set-l","status":"publish","type":"product","link":"https:\/\/www.polarshop.fi\/de\/tuote\/hauben-set-l\/","title":{"rendered":"Hauben-Set L"},"content":{"rendered":"<p>Das Hauben-Set L besteht aus den folgenden Teilen:<\/p>\n<p>\u2022\u00a0Haube \u00f8 108 cm, H\u00f6he 90 cm<br \/>\n\u2022 Haubenst\u00fctzrohre 3 Teile<br \/>\n\u2022 Kaminrohre 100 cm + 50 cm (\u00f8 30 cm)<br \/>\n\u2022 Dachrohr 100 cm<br \/>\n\u2022 Manschette f\u00fcr das Dachrohr (Breite 10 cm)<br \/>\n\u2022 Regenabdeckung \u00f8 60 cm<\/p>\n<p><a href=\"https:\/\/www.polarshop.fi\/wp-content\/uploads\/2020\/08\/PolarGrilli-asennusohje-uusi-2020.pdf\" target=\"_blank\" rel=\"noopener noreferrer\">Beachten Sie die Montageanleitungen und Zeichnungen!<\/a><\/p>\n<p>Website:\u00a0<a href=\"http:\/\/www.polargrilli.com\/\" target=\"_blank\" rel=\"noopener noreferrer\">www.polargrilli.com\/<\/a><br \/>\nFacebook:\u00a0<a href=\"https:\/\/www.facebook.com\/polargrilli\/\" target=\"_blank\" rel=\"noopener noreferrer\">www.facebook.com\/polargrilli\/<\/a><br \/>\nInstagram:\u00a0<a href=\"https:\/\/www.instagram.com\/polargrilli\/\" target=\"_blank\" rel=\"noopener noreferrer\">www.instagram.com\/polargrilli\/<\/a><\/p>\n<p>Bei Polar Metalli verwenden wir f\u00fcr die Herstellung unserer Grills Materialien von h\u00f6chster Qualit\u00e4t, und jeder einzelne Grill wird mit gro\u00dfer Sorgfalt hergestellt. Wir fertigen seit mehr als 20 Jahren finnische Grills. Sie halten jahrelang, auch im harten Einsatz.<\/p>\n","protected":false},"excerpt":{"rendered":"<p>Dieses Hauben-Set in der Gr\u00f6\u00dfe L ist ideal f\u00fcr einen gr\u00f6\u00dferen Grill wie den Polar Grilli L8. Die Haube kann an den drei im Set enthaltenen St\u00fctzrohren angebracht oder mit Ketten an der Decke aufgeh\u00e4ngt werden (bitte beachten Sie, dass die Ketten nicht im Set enthalten sind).<\/p>\n<p>Sie k\u00f6nnen aus drei Farboptionen ausw\u00e4hlen: elegantes Schwarz, Antikkupfer oder Antiksilber.<\/p>\n","protected":false},"featured_media":393,"template":"","meta":{"_acf_changed":false},"product_brand":[],"product_cat":[79],"product_tag":[],"class_list":{"0":"post-920","1":"product","2":"type-product","3":"status-publish","4":"has-post-thumbnail","6":"product_cat-hauben-sets","7":"product_shipping_class-db-schenker-de","9":"first","10":"instock","11":"taxable","12":"shipping-taxable","13":"purchasable","14":"product-type-simple"},"acf":[],"_links":{"self":[{"href":"https:\/\/www.polarshop.fi\/de\/wp-json\/wp\/v2\/product\/920","targetHints":{"allow":["GET"]}}],"collection":[{"href":"https:\/\/www.polarshop.fi\/de\/wp-json\/wp\/v2\/product"}],"about":[{"href":"https:\/\/www.polarshop.fi\/de\/wp-json\/wp\/v2\/types\/product"}],"wp:featuredmedia":[{"embeddable":true,"href":"https:\/\/www.polarshop.fi\/de\/wp-json\/wp\/v2\/media\/393"}],"wp:attachment":[{"href":"https:\/\/www.polarshop.fi\/de\/wp-json\/wp\/v2\/media?parent=920"}],"wp:term":[{"taxonomy":"product_brand","embeddable":true,"href":"https:\/\/www.polarshop.fi\/de\/wp-json\/wp\/v2\/product_brand?post=920"},{"taxonomy":"product_cat","embeddable":true,"href":"https:\/\/www.polarshop.fi\/de\/wp-json\/wp\/v2\/product_cat?post=920"},{"taxonomy":"product_tag","embeddable":true,"href":"https:\/\/www.polarshop.fi\/de\/wp-json\/wp\/v2\/product_tag?post=920"}],"curies":[{"name":"wp","href":"https:\/\/api.w.org\/{rel}","templated":true}]}}