{"id":919,"date":"2020-08-11T10:57:13","date_gmt":"2020-08-11T07:57:13","guid":{"rendered":"http:\/\/cloud25.hostingpalvelu.fi\/~polargri\/polarshop_NEW\/tuote\/hauben-set-m\/"},"modified":"2023-06-01T15:58:09","modified_gmt":"2023-06-01T12:58:09","slug":"hauben-set-m","status":"publish","type":"product","link":"https:\/\/www.polarshop.fi\/de\/tuote\/hauben-set-m\/","title":{"rendered":"Hauben-Set M"},"content":{"rendered":"<p>Das Hauben-Set M besteht aus folgenden Teilen:<\/p>\n<ul>\n<li>Haube \u00f8 91 cm, H\u00f6he 61 cm<\/li>\n<li>St\u00fctzrohre (2 St\u00fcck)<\/li>\n<li>Kaminrohre 100 cm + 50 cm (Durchm. 30 cm)<\/li>\n<li>Dachrohr 100 cm<\/li>\n<li>Rundmanschette (Breite 10 cm)<\/li>\n<li>Regenabdeckung<\/li>\n<\/ul>\n<p><a href=\"https:\/\/www.polarshop.fi\/wp-content\/uploads\/2020\/08\/PolarGrilli-asennusohje-uusi-2020.pdf\" target=\"_blank\" rel=\"noopener noreferrer\">Beachten Sie die Montageanleitungen und Zeichnungen!<\/a><\/p>\n<p>Website:\u00a0<a href=\"http:\/\/www.polargrilli.com\/\" target=\"_blank\" rel=\"noopener noreferrer\">www.polargrilli.com\/<\/a><br \/>\nFacebook:\u00a0<a href=\"https:\/\/www.facebook.com\/polargrilli\" target=\"_blank\" rel=\"noopener noreferrer\">www.facebook.com\/polargrilli\/<\/a><br \/>\nInstagram:\u00a0<a href=\"https:\/\/www.instagram.com\/polargrilli\/\" target=\"_blank\" rel=\"noopener noreferrer\">www.instagram.com\/polargrilli\/<\/a><\/p>\n<p>Bei Polar Metalli verwenden wir f\u00fcr die Herstellung unserer Grills Materialien von h\u00f6chster Qualit\u00e4t, und jeder einzelne Grill wird mit gro\u00dfer Sorgfalt hergestellt. Wir fertigen seit mehr als 20 Jahren finnische Grills. Sie halten jahrelang, auch im harten Einsatz.<\/p>\n","protected":false},"excerpt":{"rendered":"<p>Dieses Hauben-Set in der Gr\u00f6\u00dfe M ist ideal f\u00fcr die Polar Grilli Modelle S8, M, M6 und M8. Die Haube kann an den beiden im Set enthaltenen St\u00fctzrohren angebracht oder mit Ketten an der Decke aufgeh\u00e4ngt werden (Ketten sind im Set nicht enthalten).<\/p>\n<p>Sie haben drei Farboptionen zur Auswahl: elegantes Schwarz, Antikkupfer oder Antiksilber.<\/p>\n","protected":false},"featured_media":4143,"template":"","meta":{"_acf_changed":false},"product_brand":[],"product_cat":[79],"product_tag":[],"class_list":{"0":"post-919","1":"product","2":"type-product","3":"status-publish","4":"has-post-thumbnail","6":"product_cat-hauben-sets","7":"product_shipping_class-db-schenker-de","9":"first","10":"instock","11":"taxable","12":"shipping-taxable","13":"purchasable","14":"product-type-simple"},"acf":[],"_links":{"self":[{"href":"https:\/\/www.polarshop.fi\/de\/wp-json\/wp\/v2\/product\/919","targetHints":{"allow":["GET"]}}],"collection":[{"href":"https:\/\/www.polarshop.fi\/de\/wp-json\/wp\/v2\/product"}],"about":[{"href":"https:\/\/www.polarshop.fi\/de\/wp-json\/wp\/v2\/types\/product"}],"wp:featuredmedia":[{"embeddable":true,"href":"https:\/\/www.polarshop.fi\/de\/wp-json\/wp\/v2\/media\/4143"}],"wp:attachment":[{"href":"https:\/\/www.polarshop.fi\/de\/wp-json\/wp\/v2\/media?parent=919"}],"wp:term":[{"taxonomy":"product_brand","embeddable":true,"href":"https:\/\/www.polarshop.fi\/de\/wp-json\/wp\/v2\/product_brand?post=919"},{"taxonomy":"product_cat","embeddable":true,"href":"https:\/\/www.polarshop.fi\/de\/wp-json\/wp\/v2\/product_cat?post=919"},{"taxonomy":"product_tag","embeddable":true,"href":"https:\/\/www.polarshop.fi\/de\/wp-json\/wp\/v2\/product_tag?post=919"}],"curies":[{"name":"wp","href":"https:\/\/api.w.org\/{rel}","templated":true}]}}