{"id":918,"date":"2020-08-10T13:16:52","date_gmt":"2020-08-10T10:16:52","guid":{"rendered":"http:\/\/cloud25.hostingpalvelu.fi\/~polargri\/polarshop_NEW\/tuote\/polar-lagerfeuer-grill\/"},"modified":"2020-08-10T13:16:52","modified_gmt":"2020-08-10T10:16:52","slug":"polar-lagerfeuer-grill","status":"publish","type":"product","link":"https:\/\/www.polarshop.fi\/de\/tuote\/polar-lagerfeuer-grill\/","title":{"rendered":"Polar Lagerfeuer Grill"},"content":{"rendered":"<h3>Inhalt:<\/h3>\n<ul>\n<li><strong>Oberes gekr\u00fcmmtes Rohr:<\/strong>\u00a0verzinktes, d\u00fcnnwandiges Metallrohr. Der Durchmesser des Rohres betr\u00e4gt 25 mm. Die Grillfl\u00e4che, der Haken f\u00fcr die Kaffeekanne und die Sicherungsringe sind am Rohr befestigt.<\/li>\n<li><strong>Sicherungsringe<\/strong>: 2 St\u00fcck Befestigt am gekr\u00fcmmten Rohr, um die anderen Ger\u00e4te (Grillfl\u00e4che\/Bratrost und Haken f\u00fcr die Kaffeekanne) unterzubringen.<br \/>\n<strong>Boden- \/ Befestigungsspie\u00dfe<\/strong>: 2 St\u00fcck Werden in den Boden gedr\u00fcckt. Darauf wird das gekr\u00fcmmte Rohr befestigt.<\/li>\n<li><strong>Die stufenlos verstellbare Grillfl\u00e4che, die auch f\u00fcr das Garen von Fisch im offenen Feuer verwendet werden kann<\/strong>. Materialien: Edelstahl (der Grillrost) und schwarzes Eisen, pulverbeschichtet mit hitzebest\u00e4ndiger Farbe (die schwarze Grillfl\u00e4che und der Griff).<\/li>\n<li><strong>Der Haken f\u00fcr die Kaffeekanne<\/strong>: schwarzes Eisen<\/li>\n<\/ul>\n<p>&nbsp;<\/p>\n<h3>Gr\u00f6\u00dfe:<\/h3>\n<ul>\n<li><strong>Grillfl\u00e4che<\/strong>: 50 cm (Durchmesser)<br \/>\n<strong>Rohr\/Grill:<\/strong>\u00a066 cm (Breite) x 77 cm (H\u00f6he)<br \/>\n<strong>Gewicht<\/strong>: ca. 10 kg<\/li>\n<\/ul>\n<p><a href=\"https:\/\/www.polarshop.fi\/wp-content\/uploads\/2020\/08\/FI_EN_Polar-Nuotio-Campfire-Grill-Manual.pdf\" target=\"_blank\" rel=\"noopener noreferrer\">Beachten Sie die Montageanleitungen und Zeichnungen!<\/a><\/p>\n<p><strong>Auf den Polar Lagerfeuergrill gibt es eine einj\u00e4hrige Garantie.<\/strong><\/p>\n<p><strong>Hersteller:<\/strong>\u00a0Polar Metalli Oy<\/p>\n<p><strong>Herstellungsland:<\/strong>\u00a0Finnland<\/p>\n<p>&nbsp;<\/p>\n","protected":false},"excerpt":{"rendered":"<p><strong>Die perfekte Wahl, wenn Sie in Ihrem Garten, Ihrer H\u00fctte oder sogar am Strand sowohl eine Camp-Atmosph\u00e4re als auch k\u00f6stliche Grillgerichte zaubern m\u00f6chten!<\/strong><\/p>\n<p>Ein praktischer finnischer Lagerfeuergrill, der mit Spikes am Boden befestigt werden kann und \u00fcber ein gebogenes Rohr, einen Haken f\u00fcr eine Kaffeekanne, eine gut dimensionierte, runde Grillfl\u00e4che (\u00d8 50 cm) in Spitzenqualit\u00e4t und die notwendigen Sicherungsringe verf\u00fcgt.<\/p>\n<p>Dieser Lagerfeuergrill bereitet Ihre Steaks, W\u00fcrste und andere Sommergrillfavoriten zu und zudem hat er eine stufenlos drehbare Grillfl\u00e4che f\u00fcr das Garen von Lachs am offenen Feuer und das Grillen von Fisch.<\/p>\n","protected":false},"featured_media":370,"template":"","meta":{"_acf_changed":false},"product_brand":[],"product_cat":[71],"product_tag":[],"class_list":{"0":"post-918","1":"product","2":"type-product","3":"status-publish","4":"has-post-thumbnail","6":"product_cat-polar-lagerfeuer","7":"product_shipping_class-posti-de","9":"first","10":"instock","11":"taxable","12":"shipping-taxable","13":"purchasable","14":"product-type-simple"},"acf":[],"_links":{"self":[{"href":"https:\/\/www.polarshop.fi\/de\/wp-json\/wp\/v2\/product\/918","targetHints":{"allow":["GET"]}}],"collection":[{"href":"https:\/\/www.polarshop.fi\/de\/wp-json\/wp\/v2\/product"}],"about":[{"href":"https:\/\/www.polarshop.fi\/de\/wp-json\/wp\/v2\/types\/product"}],"wp:featuredmedia":[{"embeddable":true,"href":"https:\/\/www.polarshop.fi\/de\/wp-json\/wp\/v2\/media\/370"}],"wp:attachment":[{"href":"https:\/\/www.polarshop.fi\/de\/wp-json\/wp\/v2\/media?parent=918"}],"wp:term":[{"taxonomy":"product_brand","embeddable":true,"href":"https:\/\/www.polarshop.fi\/de\/wp-json\/wp\/v2\/product_brand?post=918"},{"taxonomy":"product_cat","embeddable":true,"href":"https:\/\/www.polarshop.fi\/de\/wp-json\/wp\/v2\/product_cat?post=918"},{"taxonomy":"product_tag","embeddable":true,"href":"https:\/\/www.polarshop.fi\/de\/wp-json\/wp\/v2\/product_tag?post=918"}],"curies":[{"name":"wp","href":"https:\/\/api.w.org\/{rel}","templated":true}]}}