{"id":917,"date":"2020-08-10T13:08:42","date_gmt":"2020-08-10T10:08:42","guid":{"rendered":"http:\/\/cloud25.hostingpalvelu.fi\/~polargri\/polarshop_NEW\/tuote\/polar-grilli-l8-kota-model\/"},"modified":"2025-04-25T10:26:54","modified_gmt":"2025-04-25T07:26:54","slug":"polar-grilli-l8-kota-model","status":"publish","type":"product","link":"https:\/\/www.polarshop.fi\/de\/tuote\/polar-grilli-l8-kota-model\/","title":{"rendered":"Polar Grilli L8 Kota Model"},"content":{"rendered":"<h3 class=\"p1\"><span class=\"s1\">Der Polar Grilli L8 Kota-Paket enth\u00e4lt folgende Teile:<\/span><\/h3>\n<ul>\n<li><span class=\"s1\">Grill<\/span><\/li>\n<li><span class=\"s1\">8 Tischplatten mit Halterung<span class=\"Apple-converted-space\">\u00a0<\/span><\/span><\/li>\n<li><span class=\"s1\">Grillguthalter, Neues Modell aus Edelstahl<\/span><\/li>\n<li><span class=\"s1\">Grillfl\u00e4che<\/span><\/li>\n<li><span class=\"s1\">Haken f\u00fcr Kaffeekanne<\/span><\/li>\n<li><span class=\"s1\">Funkenrost<\/span><\/li>\n<li><span class=\"s1\">Abdeckplatte mit Griff f\u00fcr die Fassung<\/span><\/li>\n<li><span class=\"s1\">Haube<\/span><\/li>\n<li><span class=\"s1\">Halterungsstangen der Haube 3 Stk.<\/span><\/li>\n<li><span class=\"s1\">Schornsteinrohr 50 cm + 100 cm<\/span><\/li>\n<li><span class=\"s1\">Dachdurchf\u00fchrung 100 cm<\/span><\/li>\n<li><span class=\"s1\">Kragen f\u00fcr Schornsteinrohr<\/span><\/li>\n<li><span class=\"s1\">Regenaufsatz<span class=\"Apple-converted-space\">\u00a0<\/span><\/span><\/li>\n<\/ul>\n<h3 class=\"p1\"><span class=\"s1\">Abmessungen:<\/span><\/h3>\n<ul>\n<li><span class=\"s1\">Durchmesser des Grills ohne Tischplatten aus Holz: 91 cm<\/span><\/li>\n<li><span class=\"s1\">Durchmesser des Grills mit Tischplatten: 141 cm<\/span><\/li>\n<li><span class=\"s1\">H\u00f6he vom Boden bis zur Tischplatte: 67 cm<\/span><\/li>\n<li><span class=\"s1\">Durchmesser der Haube: 108 cm, H\u00f6he: 90 cm<\/span><\/li>\n<li><span class=\"s1\">Durchmesser des Schornsteinrohrs: 30 cm<\/span><\/li>\n<\/ul>\n<p><a href=\"https:\/\/www.polarshop.fi\/wp-content\/uploads\/2023\/05\/PolarGrilli-asennusohje-05-2023.pdf\" target=\"_blank\" rel=\"noopener noreferrer\">Installationsanweisungen und -bilder beachten!<\/a><\/p>\n<p>Die Polar Grills werden in Finnland aus schwarzem und galvanisch verzinktem Stahl hergestellt und sind mit hitzebest\u00e4ndiger Farbe lackiert. Das Produkt wird mit Zwei Jahre Garantie geliefert.<\/p>\n<p>Website:\u00a0<a href=\"http:\/\/www.polargrilli.com\/en\/\" target=\"_blank\" rel=\"noopener noreferrer\">http:\/\/www.polargrilli.com\/en\/<\/a><br \/>\nFacebook:\u00a0<a href=\"https:\/\/www.facebook.com\/polargrilli\/\" target=\"_blank\" rel=\"noopener noreferrer\">https:\/\/www.facebook.com\/polargrilli\/<\/a><br \/>\nInstagram:\u00a0<a href=\"https:\/\/www.instagram.com\/polargrilli\/\" target=\"_blank\" rel=\"noopener noreferrer\">https:\/\/www.instagram.com\/polargrilli\/<\/a><\/p>\n<p>Bei Polar Metalli verwenden wir f\u00fcr die Herstellung unserer Grills Materialien von h\u00f6chster Qualit\u00e4t, und jeder einzelne Grill wird mit gro\u00dfer Sorgfalt hergestellt. Wir fertigen seit mehr als 20 Jahren finnische Grills. Wenn Grills gem\u00e4\u00df der Anleitung gewartet werden, halten sie noch l\u00e4nger starken Beanspruchungen stand.<\/p>\n","protected":false},"excerpt":{"rendered":"<p>Das Polar Grilli L8 Kota Modell ist ein gro\u00dfes achteckiges Grillger\u00e4t. Es ist perfekt geeignet f\u00fcr eine 15-20 m\u00b2 gro\u00dfe H\u00fctte oder einen Pavillon. Mit seiner gro\u00dfen Arbeitsfl\u00e4che ist er alles, was sich der Gastgeber einer Grillparty nur w\u00fcnschen kann.<\/p>\n<p>Das Kota-Modell enth\u00e4lt alles, was Sie brauchen: den Grill, die Haube, die Kaminrohre und die Regenabdeckung. Au\u00dferdem gibt es einen Mehrzweck-Grillrost: Das gleiche Gitter kann zum Grillen und Flammgaren von Fischen (traditionelle finnische Zubereitungsart) verwendet werden.<\/p>\n<p>W\u00e4hlen Sie die Farbe Ihrer Haube aus drei Optionen: Schwarz, Antikkupfer oder Antiksilber.<\/p>\n<div dir=\"auto\"><em><strong>Lieferung frei Haus &#8211; beinhaltet!<\/strong><\/em><\/div>\n","protected":false},"featured_media":354,"template":"","meta":{"_acf_changed":false},"product_brand":[],"product_cat":[70],"product_tag":[],"class_list":{"0":"post-917","1":"product","2":"type-product","3":"status-publish","4":"has-post-thumbnail","6":"product_cat-kota-modelle","7":"product_shipping_class-db-schenker-de","9":"first","10":"instock","11":"taxable","12":"shipping-taxable","13":"purchasable","14":"product-type-simple"},"acf":[],"_links":{"self":[{"href":"https:\/\/www.polarshop.fi\/de\/wp-json\/wp\/v2\/product\/917","targetHints":{"allow":["GET"]}}],"collection":[{"href":"https:\/\/www.polarshop.fi\/de\/wp-json\/wp\/v2\/product"}],"about":[{"href":"https:\/\/www.polarshop.fi\/de\/wp-json\/wp\/v2\/types\/product"}],"wp:featuredmedia":[{"embeddable":true,"href":"https:\/\/www.polarshop.fi\/de\/wp-json\/wp\/v2\/media\/354"}],"wp:attachment":[{"href":"https:\/\/www.polarshop.fi\/de\/wp-json\/wp\/v2\/media?parent=917"}],"wp:term":[{"taxonomy":"product_brand","embeddable":true,"href":"https:\/\/www.polarshop.fi\/de\/wp-json\/wp\/v2\/product_brand?post=917"},{"taxonomy":"product_cat","embeddable":true,"href":"https:\/\/www.polarshop.fi\/de\/wp-json\/wp\/v2\/product_cat?post=917"},{"taxonomy":"product_tag","embeddable":true,"href":"https:\/\/www.polarshop.fi\/de\/wp-json\/wp\/v2\/product_tag?post=917"}],"curies":[{"name":"wp","href":"https:\/\/api.w.org\/{rel}","templated":true}]}}