{"id":916,"date":"2020-08-10T13:04:15","date_gmt":"2020-08-10T10:04:15","guid":{"rendered":"http:\/\/cloud25.hostingpalvelu.fi\/~polargri\/polarshop_NEW\/tuote\/polar-grilli-m8-kota-modell\/"},"modified":"2025-02-27T13:56:47","modified_gmt":"2025-02-27T11:56:47","slug":"polar-grilli-m8-kota-modell","status":"publish","type":"product","link":"https:\/\/www.polarshop.fi\/de\/tuote\/polar-grilli-m8-kota-modell\/","title":{"rendered":"Polar Grilli M8 Kota Modell"},"content":{"rendered":"<h3>Das Polar Grilli M8 Kota Modell besteht aus den folgenden Teilen:<\/h3>\n<ul>\n<li>Grillrahmen (einschlie\u00dflich Feuerstelle, Aschelade, Luftklappe, Sockel und Gusseisenrost)<\/li>\n<li>8 Holztische und Tischhalterungen (bitte die unbehandelten Tischplatten fertigstellen, um das gew\u00fcnschte<\/li>\n<li>Ergebnis zu erhalten)<\/li>\n<li>drehbarer Grillrost<\/li>\n<li>kleiner Grillrost<\/li>\n<li>Haken f\u00fcr Kaffeekanne<\/li>\n<li>Funkenschutz<\/li>\n<li>Haube (Schwarz, Antiksilber oder Kupfer)<\/li>\n<li>Haubenst\u00fctzrohre: 2 St\u00fcck<\/li>\n<li>Kaminrohre: 1 m + 0,50 m<\/li>\n<li>1 m Dachrohr<\/li>\n<li>Regenmanschette<\/li>\n<li>Regenabdeckung<\/li>\n<\/ul>\n<div><\/div>\n<h3>Abmessungen des Polar Grilli M8 Kota Modells:<\/h3>\n<ul>\n<li>Achteckiges Modell<\/li>\n<li>Durchmesser des Grillrahmens ohne Holztische: 70 cm<\/li>\n<li>Durchmesser des Grills mit Holztischen: 120 cm<\/li>\n<li>Durchmesser der Haube: 91 cm (H\u00f6he: 61 cm)<\/li>\n<li>H\u00f6he vom Boden bis zur Tischoberfl\u00e4che: 56 cm (Standardsockel); 73 cm (hoher Sockel)<\/li>\n<\/ul>\n<p><a href=\"https:\/\/www.polarshop.fi\/wp-content\/uploads\/2023\/05\/PolarGrilli-asennusohje-05-2023.pdf\" target=\"_blank\" rel=\"noopener noreferrer\">Beachten Sie die Montageanleitungen und Zeichnungen!<\/a><\/p>\n<p>Das Produkt wird mit Zwei Jahre Garantie geliefert.<\/p>\n<p>Die Polar Grilli-Ger\u00e4te werden in Finnland aus Stahl mit schwarzem galvanisch aufgebrachten Zink hergestellt und sind mit hitzebest\u00e4ndiger Farbe beschichtet.<\/p>\n<p>Website:\u00a0<a href=\"http:\/\/www.polargrilli.com\/en\/\" target=\"_blank\" rel=\"noopener noreferrer\">http:\/\/www.polargrilli.com\/en\/<\/a><br \/>\nFacebook:\u00a0<a href=\"https:\/\/www.facebook.com\/polargrilli\/\" target=\"_blank\" rel=\"noopener noreferrer\">https:\/\/www.facebook.com\/polargrilli\/<\/a><br \/>\nInstagram:\u00a0<a href=\"https:\/\/www.instagram.com\/polargrilli\/\" target=\"_blank\" rel=\"noopener noreferrer\">https:\/\/www.instagram.com\/polargrilli\/<\/a><\/p>\n<p><em>Bei Polar Metalli verwenden wir f\u00fcr die Herstellung unserer Grills Materialien von h\u00f6chster Qualit\u00e4t, und jeder einzelne Grill wird mit gro\u00dfer Sorgfalt hergestellt. Wir fertigen seit mehr als 20 Jahren finnische Grills. Wenn Grills gem\u00e4\u00df der Anleitung gewartet werden, halten sie noch l\u00e4nger starken Beanspruchungen stand.<\/em><\/p>\n","protected":false},"excerpt":{"rendered":"<p>Das Polar Grilli M8 Kota Modell ist ein hochwertiger und robuster achteckiger Grill von Polar Metalli aus dem finnischen Lappland. Dieses Modell ist ein komplettes Set f\u00fcr eine ca. 10 m\u00b2 gro\u00dfe Kota-H\u00fctte oder einen Pavillon. Es enth\u00e4lt alles, was Sie ben\u00f6tigen: den Grill, die Haube, die Kaminrohre sowie das Dachrohr mit der Regenabdeckung. Sie k\u00f6nnen in dem Grill Brennholz, Holzkohle oder Briketts verbrennen.<\/p>\n<p>Das Standardset aller Polar Grilli-Ger\u00e4te enth\u00e4lt ein Grillrost, mit dem k\u00f6stliche Fischgerichte zubereitet werden k\u00f6nnen. Sie k\u00f6nnen den Grillrost auch zum Grillen oder zum Zubereiten von Eint\u00f6pfen verwenden.<\/p>\n<p>W\u00e4hlen Sie f\u00fcr Ihre spezielle Anwendung entweder den Standard oder den hohen Sockel. Der Standard-Grillsockel kann etwa in einer Kota-Grillh\u00fctte verwendet werden, wo Sie um den Grill herumsitzen. Wenn der Grill auf einer Terrasse genutzt wird und Sie bei der Zubereitung des Essens stehen, sollten Sie den hohen Sockel w\u00e4hlen.<\/p>\n<p>Sie k\u00f6nnen die Farbe Ihrer Haube w\u00e4hlen: Schwarz, Antikkupfer oder Antiksilber!<\/p>\n<p>Auf Wunsch kann in das Rohr eine Rauchklappe eingebaut werden.<\/p>\n","protected":false},"featured_media":341,"template":"","meta":{"_acf_changed":false},"product_brand":[],"product_cat":[70],"product_tag":[],"class_list":{"0":"post-916","1":"product","2":"type-product","3":"status-publish","4":"has-post-thumbnail","6":"product_cat-kota-modelle","7":"product_shipping_class-db-schenker-de","9":"first","10":"instock","11":"taxable","12":"shipping-taxable","13":"purchasable","14":"product-type-simple"},"acf":[],"_links":{"self":[{"href":"https:\/\/www.polarshop.fi\/de\/wp-json\/wp\/v2\/product\/916","targetHints":{"allow":["GET"]}}],"collection":[{"href":"https:\/\/www.polarshop.fi\/de\/wp-json\/wp\/v2\/product"}],"about":[{"href":"https:\/\/www.polarshop.fi\/de\/wp-json\/wp\/v2\/types\/product"}],"wp:featuredmedia":[{"embeddable":true,"href":"https:\/\/www.polarshop.fi\/de\/wp-json\/wp\/v2\/media\/341"}],"wp:attachment":[{"href":"https:\/\/www.polarshop.fi\/de\/wp-json\/wp\/v2\/media?parent=916"}],"wp:term":[{"taxonomy":"product_brand","embeddable":true,"href":"https:\/\/www.polarshop.fi\/de\/wp-json\/wp\/v2\/product_brand?post=916"},{"taxonomy":"product_cat","embeddable":true,"href":"https:\/\/www.polarshop.fi\/de\/wp-json\/wp\/v2\/product_cat?post=916"},{"taxonomy":"product_tag","embeddable":true,"href":"https:\/\/www.polarshop.fi\/de\/wp-json\/wp\/v2\/product_tag?post=916"}],"curies":[{"name":"wp","href":"https:\/\/api.w.org\/{rel}","templated":true}]}}