{"id":914,"date":"2020-08-10T12:50:27","date_gmt":"2020-08-10T09:50:27","guid":{"rendered":"http:\/\/cloud25.hostingpalvelu.fi\/~polargri\/polarshop_NEW\/tuote\/polar-grilli-m-kota-modell\/"},"modified":"2025-02-27T14:40:34","modified_gmt":"2025-02-27T12:40:34","slug":"polar-grilli-m-kota-modell","status":"publish","type":"product","link":"https:\/\/www.polarshop.fi\/de\/tuote\/polar-grilli-m-kota-modell\/","title":{"rendered":"Polar Grilli M Kota Modell"},"content":{"rendered":"<h3>Diese Garnitur besteht aus den folgenden Teilen:<\/h3>\n<ul>\n<li>Grill<\/li>\n<li>3 Holztische mit Tischhalterungen<\/li>\n<li>Drehbarer Grillrost (\u00f8 50 cm)<\/li>\n<li>Kleiner Grillrost (\u00f8 19 cm)<\/li>\n<li>Haken f\u00fcr Kaffeekanne<\/li>\n<li>St\u00fctzrohre f\u00fcr die Haube (2 St\u00fcck)<\/li>\n<li>Haube<\/li>\n<li>Kaminrohre 1 m + 0,50 m<\/li>\n<li>1 m Dachrohr<\/li>\n<li>Regenrosette<\/li>\n<li>Regenabdeckung<\/li>\n<\/ul>\n<h3>Abmessungen:<\/h3>\n<ul>\n<li>Durchmesser des Grillrahmens ohne Holztische: 70 cm<\/li>\n<li>Durchmesser des Grills mit Holztischen: 122 cm<\/li>\n<li>H\u00f6he vom Boden bis zur Tischoberfl\u00e4che: 71 cm<\/li>\n<li>Haube \u00f8 91 cm, H\u00f6he 61 cm<\/li>\n<\/ul>\n<p><a href=\"https:\/\/www.polarshop.fi\/wp-content\/uploads\/2020\/08\/FI-EN_Polar-Grilli-M_Manual_2018.pdf\" target=\"_blank\" rel=\"noopener noreferrer\">Beachten Sie die Montageanleitungen und Zeichnungen!<\/a><\/p>\n<p>Die Polar Grilli-Ger\u00e4te werden in Finnland aus Stahl mit schwarzem galvanisch aufgebrachten Zink hergestellt und sind mit hitzebest\u00e4ndiger Farbe beschichtet. Das Produkt wird mit Zwei Jahre Garantie geliefert.<\/p>\n<p>Website:<a href=\"http:\/\/www.polargrilli.com\/\" target=\"_blank\" rel=\"noopener noreferrer\">\u00a0http:\/\/www.polargrilli.com\/en\/<\/a><br \/>\nFacebook:\u00a0<a href=\"https:\/\/www.facebook.com\/polargrilli\/\" target=\"_blank\" rel=\"noopener noreferrer\">https:\/\/www.facebook.com\/polargrilli\/<\/a><br \/>\nInstagram:\u00a0<a href=\"https:\/\/www.instagram.com\/polargrilli\/\" target=\"_blank\" rel=\"noopener noreferrer\">https:\/\/www.instagram.com\/polargrilli\/<\/a><\/p>\n<p>Bei Polar Metalli verwenden wir f\u00fcr die Herstellung unserer Grills Materialien von h\u00f6chster Qualit\u00e4t, und jeder einzelne Grill wird mit gro\u00dfer Sorgfalt hergestellt. Wir fertigen seit mehr als 20 Jahren finnische Grills. Wenn Grills gem\u00e4\u00df der Anleitung gewartet werden, halten sie noch l\u00e4nger starken Beanspruchungen stand.<\/p>\n","protected":false},"excerpt":{"rendered":"<p>Polar Grilli M wird in einer Kota-H\u00fctte (\u201efinnische Grillh\u00fctte\u201c) oder in einem Pavillon angenehme Atmosph\u00e4re schaffen und W\u00e4rme ausstrahlen. Seine Gr\u00f6\u00dfe ist perfekt f\u00fcr eine 10-15 m\u00b2 gro\u00dfe H\u00fctte geeignet.<\/p>\n<p>Das Kota-Modell enth\u00e4lt alles, was Sie brauchen: den Grill, die Haube, die Kaminrohre sowie das Dachrohr mit Regenabdeckung und Regenmanschette. Sie k\u00f6nnen in dem Grill Brennholz, Holzkohle oder Briketts verbrennen.<\/p>\n<p>W\u00e4hlen Sie die Farbe Ihrer Haube aus diesen Optionen: Schwarz, Antikkupfer oder Antiksilber.<\/p>\n<div dir=\"auto\"><em><strong>Lieferung frei Haus &#8211; beinhaltet!<\/strong><\/em><\/div>\n","protected":false},"featured_media":4622,"template":"","meta":{"_acf_changed":false},"product_brand":[],"product_cat":[70],"product_tag":[],"class_list":{"0":"post-914","1":"product","2":"type-product","3":"status-publish","4":"has-post-thumbnail","6":"product_cat-kota-modelle","7":"product_shipping_class-db-schenker-de","9":"first","10":"instock","11":"taxable","12":"shipping-taxable","13":"purchasable","14":"product-type-simple"},"acf":[],"_links":{"self":[{"href":"https:\/\/www.polarshop.fi\/de\/wp-json\/wp\/v2\/product\/914","targetHints":{"allow":["GET"]}}],"collection":[{"href":"https:\/\/www.polarshop.fi\/de\/wp-json\/wp\/v2\/product"}],"about":[{"href":"https:\/\/www.polarshop.fi\/de\/wp-json\/wp\/v2\/types\/product"}],"wp:featuredmedia":[{"embeddable":true,"href":"https:\/\/www.polarshop.fi\/de\/wp-json\/wp\/v2\/media\/4622"}],"wp:attachment":[{"href":"https:\/\/www.polarshop.fi\/de\/wp-json\/wp\/v2\/media?parent=914"}],"wp:term":[{"taxonomy":"product_brand","embeddable":true,"href":"https:\/\/www.polarshop.fi\/de\/wp-json\/wp\/v2\/product_brand?post=914"},{"taxonomy":"product_cat","embeddable":true,"href":"https:\/\/www.polarshop.fi\/de\/wp-json\/wp\/v2\/product_cat?post=914"},{"taxonomy":"product_tag","embeddable":true,"href":"https:\/\/www.polarshop.fi\/de\/wp-json\/wp\/v2\/product_tag?post=914"}],"curies":[{"name":"wp","href":"https:\/\/api.w.org\/{rel}","templated":true}]}}