{"id":913,"date":"2020-08-10T12:45:19","date_gmt":"2020-08-10T09:45:19","guid":{"rendered":"http:\/\/cloud25.hostingpalvelu.fi\/~polargri\/polarshop_NEW\/tuote\/polar-grilli-s8-kota-modell\/"},"modified":"2025-04-25T10:14:54","modified_gmt":"2025-04-25T07:14:54","slug":"polar-grilli-s8-kota-modell","status":"publish","type":"product","link":"https:\/\/www.polarshop.fi\/de\/tuote\/polar-grilli-s8-kota-modell\/","title":{"rendered":"Polar Grilli S8 Kota Modell"},"content":{"rendered":"<h3>Das Polar Grilli S8 Kota Modell besteht aus den folgenden Teilen:<\/h3>\n<ul>\n<li>Grill<\/li>\n<li>8 Holztische mit Tischhalterungen<\/li>\n<li>Drehbarer Grillrost, Neues Modell aus Edelstahl<\/li>\n<li>Kleinerer Grillrost<\/li>\n<li>Haken f\u00fcr Kaffeekanne<\/li>\n<li>Funkenschutz<\/li>\n<li>Haube<\/li>\n<li>St\u00fctzrohre 2 St\u00fcck<\/li>\n<li>Kaminrohre: 1 m + 0,50 m<\/li>\n<li>1 m Dachrohr<\/li>\n<li>Regenmanschette<\/li>\n<li>Regenabdeckung<\/li>\n<\/ul>\n<h3>Abmessungen des Polar Grilli S8 Kota Modells:<\/h3>\n<ul>\n<li>Durchmesser des Grillrahmens ohne Holztische: 60 cm<\/li>\n<li>Durchmesser des Grills mit Holztischen: 100 cm<\/li>\n<li>Durchmesser der Feuerstelle: 48 cm<\/li>\n<li>Durchmesser des Grillrostes: 34 cm<\/li>\n<li>Durchmesser der Haube: 90 cm (H\u00f6he: 61 cm)<\/li>\n<li>H\u00f6he 56 cm (Standardsockel) oder 70 cm (h\u00f6herer Sockel)<\/li>\n<\/ul>\n<p><a href=\"https:\/\/www.polarshop.fi\/wp-content\/uploads\/2023\/05\/PolarGrilli-asennusohje-05-2023.pdf\" target=\"_blank\" rel=\"noopener noreferrer\">Beachten Sie die Montageanleitungen und Zeichnungen!<\/a><\/p>\n<p>Die Polar Grilli-Ger\u00e4te werden in Finnland aus Stahl mit schwarzem galvanisch aufgebrachten Zink hergestellt und sind mit hitzebest\u00e4ndiger Farbe beschichtet. Das Produkt wird mit Zwei Jahre Garantie geliefert.<\/p>\n<p>Website:<a href=\"http:\/\/www.polargrilli.com\/\" target=\"_blank\" rel=\"noopener noreferrer\">\u00a0http:\/\/www.polargrilli.com\/en\/<\/a><br \/>\nFacebook:\u00a0<a href=\"https:\/\/www.facebook.com\/polargrilli\/\" target=\"_blank\" rel=\"noopener noreferrer\">https:\/\/www.facebook.com\/polargrilli\/<\/a><br \/>\nInstagram:\u00a0<a href=\"https:\/\/www.instagram.com\/polargrilli\/\" target=\"_blank\" rel=\"noopener noreferrer\">https:\/\/www.instagram.com\/polargrilli\/<\/a><\/p>\n<p>Bei Polar Metalli verwenden wir f\u00fcr die Herstellung unserer Grills Materialien von h\u00f6chster Qualit\u00e4t, und jeder einzelne Grill wird mit gro\u00dfer Sorgfalt hergestellt. Wir fertigen seit mehr als 20 Jahren finnische Grills. Wenn Grills gem\u00e4\u00df der Anleitung gewartet werden, halten sie noch l\u00e4nger starken Beanspruchungen stand.<\/p>\n<p>&nbsp;<\/p>\n","protected":false},"excerpt":{"rendered":"<p>Der Polar Grilli S8 Kota Model ist ein hochwertiger und robuster, achteckiger Grill, der in Finnland hergestellt wird. Es ist perfekt zum Grillen geeignet, w\u00e4rmt aber auch Ihre H\u00fctte.<\/p>\n<p>W\u00e4hlen Sie entweder die Standardh\u00f6he oder einen h\u00f6heren Sockel, der zu Ihrer speziellen Anwendung passt. Die Standardh\u00f6he ist ideal f\u00fcr Kota, wobei man oft um den Grill herumsitzt.<\/p>\n<p>W\u00e4hlen Sie die Farbe Ihrer Haube aus drei Optionen: Schwarz, Antikkupfer oder Antiksilber.<\/p>\n","protected":false},"featured_media":302,"template":"","meta":{"_acf_changed":false},"product_brand":[],"product_cat":[70],"product_tag":[],"class_list":{"0":"post-913","1":"product","2":"type-product","3":"status-publish","4":"has-post-thumbnail","6":"product_cat-kota-modelle","7":"product_shipping_class-db-schenker-de","9":"first","10":"instock","11":"taxable","12":"shipping-taxable","13":"purchasable","14":"product-type-simple"},"acf":[],"_links":{"self":[{"href":"https:\/\/www.polarshop.fi\/de\/wp-json\/wp\/v2\/product\/913","targetHints":{"allow":["GET"]}}],"collection":[{"href":"https:\/\/www.polarshop.fi\/de\/wp-json\/wp\/v2\/product"}],"about":[{"href":"https:\/\/www.polarshop.fi\/de\/wp-json\/wp\/v2\/types\/product"}],"wp:featuredmedia":[{"embeddable":true,"href":"https:\/\/www.polarshop.fi\/de\/wp-json\/wp\/v2\/media\/302"}],"wp:attachment":[{"href":"https:\/\/www.polarshop.fi\/de\/wp-json\/wp\/v2\/media?parent=913"}],"wp:term":[{"taxonomy":"product_brand","embeddable":true,"href":"https:\/\/www.polarshop.fi\/de\/wp-json\/wp\/v2\/product_brand?post=913"},{"taxonomy":"product_cat","embeddable":true,"href":"https:\/\/www.polarshop.fi\/de\/wp-json\/wp\/v2\/product_cat?post=913"},{"taxonomy":"product_tag","embeddable":true,"href":"https:\/\/www.polarshop.fi\/de\/wp-json\/wp\/v2\/product_tag?post=913"}],"curies":[{"name":"wp","href":"https:\/\/api.w.org\/{rel}","templated":true}]}}