{"id":910,"date":"2020-08-10T11:37:29","date_gmt":"2020-08-10T08:37:29","guid":{"rendered":"http:\/\/cloud25.hostingpalvelu.fi\/~polargri\/polarshop_NEW\/tuote\/polar-grilli-m-terrassenmodell\/"},"modified":"2025-02-27T14:53:41","modified_gmt":"2025-02-27T12:53:41","slug":"polar-grilli-m-terrassenmodell","status":"publish","type":"product","link":"https:\/\/www.polarshop.fi\/de\/tuote\/polar-grilli-m-terrassenmodell\/","title":{"rendered":"Polar Grilli M Terrassenmodell"},"content":{"rendered":"<h3>Die Garnitur enth\u00e4lt:<\/h3>\n<ul>\n<li>Grill<\/li>\n<li>3 Holztische mit Tischhalterungen<\/li>\n<li>Drehbarer Grillrost (\u00f8 50 cm)<\/li>\n<li>Kleiner Grillrost (\u00f8 19 cm)<\/li>\n<li>Haken f\u00fcr Kaffeekanne<\/li>\n<li>St\u00fctzrohre f\u00fcr die Haube (2 St\u00fcck)<\/li>\n<li>Haube \u00f8 91 cm, H\u00f6he 61 cm<\/li>\n<li>Regenabdeckung<\/li>\n<\/ul>\n<h3>Abmessungen:<\/h3>\n<ul>\n<li>Durchmesser des Grillrahmens ohne Holztische: 71 cm<\/li>\n<li>Durchmesser des Grills mit Holztischen: 123 cm<\/li>\n<li>H\u00f6he vom Boden bis zur Tischoberfl\u00e4che: 62 cm<\/li>\n<\/ul>\n<p><a href=\"https:\/\/www.polarshop.fi\/wp-content\/uploads\/2020\/08\/FI-EN_Polar-Grilli-M_Manual_2018.pdf\" target=\"_blank\" rel=\"noopener noreferrer\">Beachten Sie die Montageanleitungen und Zeichnungen!<\/a><\/p>\n<p>Die Polar Grilli-Ger\u00e4te werden in Finnland aus Stahl mit schwarzem galvanisch aufgebrachten Zink hergestellt und sind mit hitzebest\u00e4ndiger Farbe beschichtet. Das Produkt wird mit Zwei Jahre Garantie geliefert.<\/p>\n<p>Website:\u00a0<a href=\"https:\/\/www.polargrilli.com\/en\/\" target=\"_blank\" rel=\"noopener noreferrer\">www.polargrilli.com\/<\/a><br \/>\nFacebook:\u00a0<a href=\"https:\/\/www.facebook.com\/polargrilli\/\" target=\"_blank\" rel=\"noopener noreferrer\">www.facebook.com\/polargrilli\/<\/a><br \/>\nInstagram:\u00a0<a href=\"https:\/\/www.instagram.com\/polargrilli\/\" target=\"_blank\" rel=\"noopener noreferrer\">www.instagram.com\/polargrilli\/<\/a><\/p>\n<p>Bei Polar Metalli verwenden wir f\u00fcr die Herstellung unserer Grills Materialien von h\u00f6chster Qualit\u00e4t, und jeder einzelne Grill wird mit gro\u00dfer Sorgfalt hergestellt. Wir fertigen seit mehr als 20 Jahren finnische Grills. Wenn Grills gem\u00e4\u00df der Anleitung gewartet werden, halten sie noch l\u00e4nger starken Beanspruchungen stand.<\/p>\n<p>&nbsp;<\/p>\n","protected":false},"excerpt":{"rendered":"<p>Die Terrassenversion des Polar Grilli M ist eine stilvolle, umfangreiche Grillgarnitur. Mit seinem modernen Design und der Vielseitigkeit der Funktionen ist diese Feuerstelle auf Ihrer Terrasse oder im Garten definitiv ein Blickfang! Sie k\u00f6nnen in dem Grill Brennholz, Holzkohle oder Briketts verbrennen.<\/p>\n<p>Die im Set enthaltene Haube und Regenabdeckung sch\u00fctzen den Grill, so dass Sie auch bei Regen problemlos grillen k\u00f6nnen. Sie k\u00f6nnen die Farbe Ihrer Haube w\u00e4hlen: geh\u00e4mmertes Schwarz, Antikkupfer oder Antiksilber.<\/p>\n","protected":false},"featured_media":4622,"template":"","meta":{"_acf_changed":false},"product_brand":[],"product_cat":[69],"product_tag":[],"class_list":{"0":"post-910","1":"product","2":"type-product","3":"status-publish","4":"has-post-thumbnail","6":"product_cat-terrassenmodelle","7":"product_shipping_class-db-schenker-de","9":"first","10":"instock","11":"taxable","12":"shipping-taxable","13":"purchasable","14":"product-type-simple"},"acf":[],"_links":{"self":[{"href":"https:\/\/www.polarshop.fi\/de\/wp-json\/wp\/v2\/product\/910","targetHints":{"allow":["GET"]}}],"collection":[{"href":"https:\/\/www.polarshop.fi\/de\/wp-json\/wp\/v2\/product"}],"about":[{"href":"https:\/\/www.polarshop.fi\/de\/wp-json\/wp\/v2\/types\/product"}],"wp:featuredmedia":[{"embeddable":true,"href":"https:\/\/www.polarshop.fi\/de\/wp-json\/wp\/v2\/media\/4622"}],"wp:attachment":[{"href":"https:\/\/www.polarshop.fi\/de\/wp-json\/wp\/v2\/media?parent=910"}],"wp:term":[{"taxonomy":"product_brand","embeddable":true,"href":"https:\/\/www.polarshop.fi\/de\/wp-json\/wp\/v2\/product_brand?post=910"},{"taxonomy":"product_cat","embeddable":true,"href":"https:\/\/www.polarshop.fi\/de\/wp-json\/wp\/v2\/product_cat?post=910"},{"taxonomy":"product_tag","embeddable":true,"href":"https:\/\/www.polarshop.fi\/de\/wp-json\/wp\/v2\/product_tag?post=910"}],"curies":[{"name":"wp","href":"https:\/\/api.w.org\/{rel}","templated":true}]}}