{"id":908,"date":"2020-08-07T12:58:37","date_gmt":"2020-08-07T09:58:37","guid":{"rendered":"http:\/\/cloud25.hostingpalvelu.fi\/~polargri\/polarshop_NEW\/tuote\/polar-grilli-l8\/"},"modified":"2025-04-25T10:29:22","modified_gmt":"2025-04-25T07:29:22","slug":"polar-grilli-l8","status":"publish","type":"product","link":"https:\/\/www.polarshop.fi\/de\/tuote\/polar-grilli-l8\/","title":{"rendered":"Polar Grilli L8"},"content":{"rendered":"<h3>Die Garnitur enth\u00e4lt:<\/h3>\n<ul>\n<li>Grill<\/li>\n<li>8 Holztische mit Tischhalterungen<\/li>\n<li>Abdeckplatte mit Griff f\u00fcr den Sockel<\/li>\n<li>Drehbarer Grillrost, Neues Modell aus Edelstahl<\/li>\n<li>Kleiner Grillrost<\/li>\n<li>Haken f\u00fcr Kaffeekanne<\/li>\n<li>Gew\u00f6lbtes Rohr<\/li>\n<li>Funkenschutz<\/li>\n<\/ul>\n<p>&nbsp;<\/p>\n<h3>Abmessungen:<\/h3>\n<ul>\n<li>Durchmesser des Grillrahmens ohne Holztische: 91 cm<\/li>\n<li>Durchmesser des Grills mit Holztischen: 141 cm<\/li>\n<li>H\u00f6he vom Boden bis zur Tischoberfl\u00e4che: 67 cm<\/li>\n<li>Durchmesser des Grillrostes: 46 cm<\/li>\n<\/ul>\n<p><a href=\"https:\/\/www.polarshop.fi\/wp-content\/uploads\/2023\/05\/PolarGrilli-asennusohje-05-2023.pdf\" target=\"_blank\" rel=\"noopener noreferrer\">Beachten Sie die Montageanleitungen und Zeichnungen!<\/a><\/p>\n<p>Die Polar Grilli-Ger\u00e4te werden in Finnland aus Stahl mit schwarzem galvanisch aufgebrachten Zink hergestellt und sind mit hitzebest\u00e4ndiger Farbe beschichtet. Das Produkt wird mit Zwei Jahre Garantie geliefert.<\/p>\n<p>Website:\u00a0<a href=\"https:\/\/www.polargrilli.com\/en\/\" target=\"_blank\" rel=\"noopener noreferrer\">www.polargrilli.com\/<\/a><br \/>\nFacebook:\u00a0<a href=\"https:\/\/www.facebook.com\/polargrilli\/\" target=\"_blank\" rel=\"noopener noreferrer\">www.facebook.com\/polargrilli\/<\/a><br \/>\nInstagram:\u00a0<a href=\"https:\/\/www.instagram.com\/polargrilli\/\" target=\"_blank\" rel=\"noopener noreferrer\">www.instagram.com\/polargrilli\/<\/a><\/p>\n<p>Bei Polar Metalli verwenden wir f\u00fcr die Herstellung unserer Grills Materialien von h\u00f6chster Qualit\u00e4t, und jeder einzelne Grill wird mit gro\u00dfer Sorgfalt hergestellt. Wir fertigen seit mehr als 20 Jahren finnische Grills. Wenn Grills gem\u00e4\u00df der Anleitung gewartet werden, halten sie noch l\u00e4nger starken Beanspruchungen stand.<\/p>\n","protected":false},"excerpt":{"rendered":"<p>Der Polar Grilli L8 ist ein gro\u00dfer achteckiger hochwertiger Grill f\u00fcr den Au\u00dfenbereich. Mit seiner gro\u00dfen Arbeitsfl\u00e4che ist er alles, was sich der Gastgeber einer Grillparty nur w\u00fcnschen kann.<\/p>\n<p>Wie alle Polar Grillis wird er von Anfang bis Ende in Finnland hergestellt und besonders stark auf die Qualit\u00e4t geachtet. Sie k\u00f6nnen im Grill Brennholz, Holzkohle oder Briketts im Grill verbrennen \u2013 je nachdem, was Ihnen am besten gelegen kommt.<\/p>\n","protected":false},"featured_media":252,"template":"","meta":{"_acf_changed":false},"product_brand":[],"product_cat":[68],"product_tag":[],"class_list":{"0":"post-908","1":"product","2":"type-product","3":"status-publish","4":"has-post-thumbnail","6":"product_cat-outdoor-modelle","7":"product_shipping_class-db-schenker-de","9":"first","10":"instock","11":"taxable","12":"shipping-taxable","13":"purchasable","14":"product-type-simple"},"acf":[],"_links":{"self":[{"href":"https:\/\/www.polarshop.fi\/de\/wp-json\/wp\/v2\/product\/908","targetHints":{"allow":["GET"]}}],"collection":[{"href":"https:\/\/www.polarshop.fi\/de\/wp-json\/wp\/v2\/product"}],"about":[{"href":"https:\/\/www.polarshop.fi\/de\/wp-json\/wp\/v2\/types\/product"}],"wp:featuredmedia":[{"embeddable":true,"href":"https:\/\/www.polarshop.fi\/de\/wp-json\/wp\/v2\/media\/252"}],"wp:attachment":[{"href":"https:\/\/www.polarshop.fi\/de\/wp-json\/wp\/v2\/media?parent=908"}],"wp:term":[{"taxonomy":"product_brand","embeddable":true,"href":"https:\/\/www.polarshop.fi\/de\/wp-json\/wp\/v2\/product_brand?post=908"},{"taxonomy":"product_cat","embeddable":true,"href":"https:\/\/www.polarshop.fi\/de\/wp-json\/wp\/v2\/product_cat?post=908"},{"taxonomy":"product_tag","embeddable":true,"href":"https:\/\/www.polarshop.fi\/de\/wp-json\/wp\/v2\/product_tag?post=908"}],"curies":[{"name":"wp","href":"https:\/\/api.w.org\/{rel}","templated":true}]}}