{"id":906,"date":"2020-08-07T12:51:04","date_gmt":"2020-08-07T09:51:04","guid":{"rendered":"http:\/\/cloud25.hostingpalvelu.fi\/~polargri\/polarshop_NEW\/tuote\/polar-grilli-m6\/"},"modified":"2025-02-27T15:22:31","modified_gmt":"2025-02-27T13:22:31","slug":"polar-grilli-m6","status":"publish","type":"product","link":"https:\/\/www.polarshop.fi\/de\/tuote\/polar-grilli-m6\/","title":{"rendered":"Polar Grilli M6"},"content":{"rendered":"<h3><strong>Diese Garnitur enth\u00e4lt:<\/strong><\/h3>\n<ul>\n<li>Grill<\/li>\n<li>6 Holztische mit Tischhalterungen<\/li>\n<li>Drehbarer Grillrost<\/li>\n<li>Kleiner Grillrost<\/li>\n<li>Haken f\u00fcr Kaffeekanne<\/li>\n<li>Gew\u00f6lbtes Rohr<\/li>\n<li>Funkenschutz<\/li>\n<\/ul>\n<h3><strong>Abmessungen des Polar Grilli M6:<\/strong><\/h3>\n<ul>\n<li>Durchmesser des Grillrahmens ohne Holztische: 70 cm<\/li>\n<li>Durchmesser der Feuerstelle (innerhalb des Funkenschutzes): 52 cm<\/li>\n<li>Durchmesser des Grills mit Holztischen: 120 cm<\/li>\n<li>H\u00f6he 67 cm (Standardsockel) oder 74 cm (h\u00f6herer Sockel)<\/li>\n<li>Durchmesser des Grillrostes: 41 cm<\/li>\n<\/ul>\n<p><a href=\"https:\/\/www.polarshop.fi\/wp-content\/uploads\/2023\/05\/PolarGrilli-asennusohje-05-2023.pdf\" target=\"_blank\" rel=\"noopener noreferrer\">Beachten Sie die Montageanleitungen und Zeichnungen!<\/a><\/p>\n<p>Die Polar Grilli-Ger\u00e4te werden in Finnland aus Stahl mit schwarzem galvanisch aufgebrachten Zink hergestellt und sind mit hitzebest\u00e4ndiger Farbe beschichtet. Das Produkt wird mit zwei Jahre Garantie geliefert.<\/p>\n<p>Website:\u00a0<a href=\"https:\/\/www.polargrilli.com\/en\/\" target=\"_blank\" rel=\"noopener noreferrer\">www.polargrilli.com\/<\/a><br \/>\nFacebook:\u00a0<a href=\"https:\/\/www.facebook.com\/polargrilli\/\" target=\"_blank\" rel=\"noopener noreferrer\">www.facebook.com\/polargrilli\/<\/a><br \/>\nInstagram:\u00a0<a href=\"https:\/\/www.instagram.com\/polargrilli\/\" target=\"_blank\" rel=\"noopener noreferrer\">www.instagram.com\/polargrilli\/<\/a><\/p>\n<p>Bei Polar Metalli verwenden wir f\u00fcr die Herstellung unserer Grills Materialien von h\u00f6chster Qualit\u00e4t, und jeder einzelne Grill wird mit gro\u00dfer Sorgfalt hergestellt. Wir fertigen seit mehr als 20 Jahren finnische Grills. Wenn Grills gem\u00e4\u00df der Anleitung gewartet werden, halten sie noch l\u00e4nger starken Beanspruchungen stand.<\/p>\n","protected":false},"excerpt":{"rendered":"<p>Wenn Sie eine in Grillgarnitur suchen, mit der Sie ein authentisches nordisches Kocherlebnis verwirklichen k\u00f6nnen, dann ist das genau das Richtige f\u00fcr Sie! Der Polar Grilli M6 wird mit einem vielseitigen Grillrost geliefert, mit dem Sie alles zubereiten k\u00f6nnen, von beliebten Grillgerichten bis hin zu traditionellem finnischen flammgegarten Lachs.<\/p>\n<p>Um ihn Ihrer speziellen Anwendung anzupassen, k\u00f6nnen Sie entweder den Standard oder den hohen Sockel w\u00e4hlen. Der Standardsockel kann etwa in einer Kota-Grillh\u00fctte verwendet werden, wo Sie um den Grill herumsitzen. Wenn der Grill auf einer Terrasse verwendet wird, auf der Sie beim Zubereiten der Speisen stehen, bevorzugen Sie m\u00f6glicherweise den h\u00f6heren Sockel.<\/p>\n<div dir=\"auto\"><strong>Lieferung frei Haus &#8211; beinhaltet.<\/strong><\/div>\n","protected":false},"featured_media":4124,"template":"","meta":{"_acf_changed":false},"product_brand":[],"product_cat":[68],"product_tag":[],"class_list":{"0":"post-906","1":"product","2":"type-product","3":"status-publish","4":"has-post-thumbnail","6":"product_cat-outdoor-modelle","7":"product_shipping_class-db-schenker-de","9":"first","10":"instock","11":"taxable","12":"shipping-taxable","13":"purchasable","14":"product-type-simple"},"acf":[],"_links":{"self":[{"href":"https:\/\/www.polarshop.fi\/de\/wp-json\/wp\/v2\/product\/906","targetHints":{"allow":["GET"]}}],"collection":[{"href":"https:\/\/www.polarshop.fi\/de\/wp-json\/wp\/v2\/product"}],"about":[{"href":"https:\/\/www.polarshop.fi\/de\/wp-json\/wp\/v2\/types\/product"}],"wp:featuredmedia":[{"embeddable":true,"href":"https:\/\/www.polarshop.fi\/de\/wp-json\/wp\/v2\/media\/4124"}],"wp:attachment":[{"href":"https:\/\/www.polarshop.fi\/de\/wp-json\/wp\/v2\/media?parent=906"}],"wp:term":[{"taxonomy":"product_brand","embeddable":true,"href":"https:\/\/www.polarshop.fi\/de\/wp-json\/wp\/v2\/product_brand?post=906"},{"taxonomy":"product_cat","embeddable":true,"href":"https:\/\/www.polarshop.fi\/de\/wp-json\/wp\/v2\/product_cat?post=906"},{"taxonomy":"product_tag","embeddable":true,"href":"https:\/\/www.polarshop.fi\/de\/wp-json\/wp\/v2\/product_tag?post=906"}],"curies":[{"name":"wp","href":"https:\/\/api.w.org\/{rel}","templated":true}]}}