{"id":905,"date":"2020-08-07T12:44:56","date_gmt":"2020-08-07T09:44:56","guid":{"rendered":"http:\/\/cloud25.hostingpalvelu.fi\/~polargri\/polarshop_NEW\/tuote\/polar-grilli-m\/"},"modified":"2025-02-27T15:23:30","modified_gmt":"2025-02-27T13:23:30","slug":"polar-grilli-m","status":"publish","type":"product","link":"https:\/\/www.polarshop.fi\/de\/tuote\/polar-grilli-m\/","title":{"rendered":"Polar Grilli M"},"content":{"rendered":"<p><strong>Die Garnitur enth\u00e4lt:<\/strong><\/p>\n<ul>\n<li>Grill<\/li>\n<li>3 Holztische mit Tischhalterungen<\/li>\n<li>drehbarer Grillrost<\/li>\n<li>kleiner Grillrost<\/li>\n<li>Haken f\u00fcr Kaffeekanne<\/li>\n<li>gew\u00f6lbtes Rohr<\/li>\n<\/ul>\n<p><strong>Abmessungen:<\/strong><\/p>\n<ul>\n<li>Durchmesser des Grillrahmens ohne Holztische: 71 cm<\/li>\n<li>Durchmesser des Grills mit Holztischen: 123 cm<\/li>\n<li>H\u00f6he vom Boden bis zur Tischoberfl\u00e4che: 62 cm<\/li>\n<\/ul>\n<p><a href=\"https:\/\/www.polarshop.fi\/wp-content\/uploads\/2020\/08\/FI-EN_Polar-Grilli-M_Manual_2018.pdf\" target=\"_blank\" rel=\"noopener noreferrer\">Beachten Sie die Montageanleitungen und Zeichnungen!<\/a><\/p>\n<p>Die Polar Grilli-Ger\u00e4te werden in Finnland aus Stahl mit schwarzem galvanisch aufgebrachten Zink hergestellt und sind mit hitzebest\u00e4ndiger Farbe beschichtet. Das Produkt wird mit Zwei Jahre Garantie geliefert.<\/p>\n<p>Website:\u00a0<a href=\"https:\/\/www.polargrilli.com\/en\/\">www.polargrilli.com\/<\/a><br \/>\nFacebook:\u00a0<a href=\"https:\/\/www.facebook.com\/polargrilli\/\">www.facebook.com\/polargrilli\/<\/a><br \/>\nInstagram:\u00a0<a href=\"https:\/\/www.instagram.com\/polargrilli\/\">www.instagram.com\/polargrilli\/<\/a><\/p>\n<p>Bei Polar Metalli verwenden wir f\u00fcr die Herstellung unserer Grills Materialien von h\u00f6chster Qualit\u00e4t, und jeder einzelne Grill wird mit gro\u00dfer Sorgfalt hergestellt. Wir fertigen seit mehr als 20 Jahren finnische Grills. Wenn Grills gem\u00e4\u00df der Anleitung gewartet werden, halten sie noch l\u00e4nger starken Beanspruchungen stand.<\/p>\n","protected":false},"excerpt":{"rendered":"<p>Der Polar Grilli M ist ein wirklich attraktiver Au\u00dfengrill \u2013 perfekt f\u00fcr jede Veranda oder Terrasse! Wie alle Polar Grillis wird er in Finnland aus hochwertigen finnischen Rohstoffen hergestellt.<\/p>\n<p>Diese Garnitur enth\u00e4lt sch\u00f6ne Holztischplatten und einen praktischen Haken an der Vorderseite, an dem Sie Ihre bevorzugten Grillwerkzeuge aufh\u00e4ngen k\u00f6nnen.<\/p>\n<div dir=\"auto\"><strong>Lieferung frei Haus &#8211; beinhaltet.<\/strong><\/div>\n","protected":false},"featured_media":225,"template":"","meta":{"_acf_changed":false},"product_brand":[],"product_cat":[68],"product_tag":[],"class_list":{"0":"post-905","1":"product","2":"type-product","3":"status-publish","4":"has-post-thumbnail","6":"product_cat-outdoor-modelle","7":"product_shipping_class-db-schenker-de","9":"first","10":"instock","11":"taxable","12":"shipping-taxable","13":"purchasable","14":"product-type-simple"},"acf":[],"_links":{"self":[{"href":"https:\/\/www.polarshop.fi\/de\/wp-json\/wp\/v2\/product\/905","targetHints":{"allow":["GET"]}}],"collection":[{"href":"https:\/\/www.polarshop.fi\/de\/wp-json\/wp\/v2\/product"}],"about":[{"href":"https:\/\/www.polarshop.fi\/de\/wp-json\/wp\/v2\/types\/product"}],"wp:featuredmedia":[{"embeddable":true,"href":"https:\/\/www.polarshop.fi\/de\/wp-json\/wp\/v2\/media\/225"}],"wp:attachment":[{"href":"https:\/\/www.polarshop.fi\/de\/wp-json\/wp\/v2\/media?parent=905"}],"wp:term":[{"taxonomy":"product_brand","embeddable":true,"href":"https:\/\/www.polarshop.fi\/de\/wp-json\/wp\/v2\/product_brand?post=905"},{"taxonomy":"product_cat","embeddable":true,"href":"https:\/\/www.polarshop.fi\/de\/wp-json\/wp\/v2\/product_cat?post=905"},{"taxonomy":"product_tag","embeddable":true,"href":"https:\/\/www.polarshop.fi\/de\/wp-json\/wp\/v2\/product_tag?post=905"}],"curies":[{"name":"wp","href":"https:\/\/api.w.org\/{rel}","templated":true}]}}