{"id":903,"date":"2020-08-07T12:29:40","date_gmt":"2020-08-07T09:29:40","guid":{"rendered":"http:\/\/cloud25.hostingpalvelu.fi\/~polargri\/polarshop_NEW\/tuote\/mypizza-backstahl-und-paddel-fur-elektrobackofen-und-grills\/"},"modified":"2021-05-31T17:35:56","modified_gmt":"2021-05-31T14:35:56","slug":"mypizza-backstahl-und-paddel-fur-elektrobackofen-und-grills","status":"publish","type":"product","link":"https:\/\/www.polarshop.fi\/de\/tuote\/mypizza-backstahl-und-paddel-fur-elektrobackofen-und-grills\/","title":{"rendered":"MyPizza Backstahl und Paddel f\u00fcr Elektroback\u00f6fen und Grills"},"content":{"rendered":"<p>&nbsp;<\/p>\n<ul>\n<li>MyPizza Backstahl kann in Elektro\u00f6fen und auf Holzkohle- oder Gasgrills verwendet werden und ist aus Stahl (Dicke: 8 mm).<\/li>\n<li>MyPizza Paddel, das im Lieferumfang enthalten ist, erleichtert die Handhabung von Pizzen. Es ist aus Edelstahl (Dicke: 1 mm).<\/li>\n<li>Gewicht (das gesamte Paket): 7,7 kg<\/li>\n<li>Gr\u00f6\u00dfe: 36 x 31 cm Rund \u230031cm<\/li>\n<li>Sch\u00f6ne Details<\/li>\n<li>Langlebiges Produkt<\/li>\n<li>Hergestellt in Finnland<\/li>\n<\/ul>\n<p><a href=\"https:\/\/www.polarshop.fi\/wp-content\/uploads\/2021\/02\/MyPizza-Baking-Steel-Maintenance-Instructions-2021.pdf\" target=\"_blank\" rel=\"noopener noreferrer\">Beachten Sie die Gebrauchsanweisungen und die Pflegeanweisungen.<\/a><\/p>\n<p><figure class=\"wp-block-embed wp-block-embed-youtube is-type-video is-provider-youtube epyt-figure\"><div class=\"wp-block-embed__wrapper\"><iframe  id=\"_ytid_91239\"  width=\"980\" height=\"551\"  data-origwidth=\"980\" data-origheight=\"551\" src=\"https:\/\/www.youtube.com\/embed\/2PsNYWOIWY4?enablejsapi=1&autoplay=0&cc_load_policy=0&cc_lang_pref=&iv_load_policy=1&loop=0&rel=1&fs=1&playsinline=0&autohide=2&theme=dark&color=red&controls=1&disablekb=0&\" class=\"__youtube_prefs__  no-lazyload\" title=\"YouTube player\"  allow=\"fullscreen; accelerometer; autoplay; clipboard-write; encrypted-media; gyroscope; picture-in-picture; web-share\" referrerpolicy=\"strict-origin-when-cross-origin\" allowfullscreen data-no-lazy=\"1\" data-skipgform_ajax_framebjll=\"\"><\/iframe><\/div><\/figure>MyPizza Backstahl und Paddel<\/p>\n","protected":false},"excerpt":{"rendered":"<p>Auf dem MyPizza Backstahl k\u00f6nnen Sie Pizzen in Elektroback\u00f6fen und auf Holzkohle- oder Gasgrills zubereiten. Dadurch wird der Pizzaboden k\u00f6stlich knusprig. MyPizza Backstahl ist ein hochwertiges Produkt aus dem finnischen Lappland und wird von Polar Metalli entworfen und hergestellt.<\/p>\n<p>&nbsp;<\/p>\n<p><strong>Wenn Sie MyPizza Backstahl bestellen, erhalten Sie ein sch\u00f6nes MyPizza Paddel als kostenloses Geschenk dazu!<\/strong><\/p>\n<p>MyPizza Backstahl wird wirklich sehr schnell warm und macht den Pizzaboden knusprig. Backstahl funktioniert wie Pizzastein, aber der Backstahl ist langlebiger.<\/p>\n<p><em>Bitte beachten Sie<\/em>: Wenn Sie bereits einen MyPizzaofen haben, ben\u00f6tigen Sie keinen Backstahl. MyPizza Backstahl ist f\u00fcr Elektroback\u00f6fen oder Grillger\u00e4te geeignet, nicht aber f\u00fcr MyPizza Back\u00f6fen. Der MyPizza Oven enth\u00e4lt automatisch einen Backstein.<\/p>\n","protected":false},"featured_media":202,"template":"","meta":{"_acf_changed":false},"product_brand":[],"product_cat":[66],"product_tag":[],"class_list":{"0":"post-903","1":"product","2":"type-product","3":"status-publish","4":"has-post-thumbnail","6":"product_cat-mypizza-de","7":"product_shipping_class-posti-de","9":"first","10":"instock","11":"taxable","12":"shipping-taxable","13":"purchasable","14":"product-type-simple"},"acf":[],"_links":{"self":[{"href":"https:\/\/www.polarshop.fi\/de\/wp-json\/wp\/v2\/product\/903","targetHints":{"allow":["GET"]}}],"collection":[{"href":"https:\/\/www.polarshop.fi\/de\/wp-json\/wp\/v2\/product"}],"about":[{"href":"https:\/\/www.polarshop.fi\/de\/wp-json\/wp\/v2\/types\/product"}],"wp:featuredmedia":[{"embeddable":true,"href":"https:\/\/www.polarshop.fi\/de\/wp-json\/wp\/v2\/media\/202"}],"wp:attachment":[{"href":"https:\/\/www.polarshop.fi\/de\/wp-json\/wp\/v2\/media?parent=903"}],"wp:term":[{"taxonomy":"product_brand","embeddable":true,"href":"https:\/\/www.polarshop.fi\/de\/wp-json\/wp\/v2\/product_brand?post=903"},{"taxonomy":"product_cat","embeddable":true,"href":"https:\/\/www.polarshop.fi\/de\/wp-json\/wp\/v2\/product_cat?post=903"},{"taxonomy":"product_tag","embeddable":true,"href":"https:\/\/www.polarshop.fi\/de\/wp-json\/wp\/v2\/product_tag?post=903"}],"curies":[{"name":"wp","href":"https:\/\/api.w.org\/{rel}","templated":true}]}}