{"id":4854,"date":"2023-09-13T12:32:35","date_gmt":"2023-09-13T09:32:35","guid":{"rendered":"https:\/\/www.polarshop.fi\/?post_type=product&#038;p=4854"},"modified":"2024-11-13T10:31:50","modified_gmt":"2024-11-13T08:31:50","slug":"suoja-m6-tulipesaan","status":"publish","type":"product","link":"https:\/\/www.polarshop.fi\/de\/tuote\/suoja-m6-tulipesaan\/","title":{"rendered":"Der Feuerbox schutz aus rostfreier Stahl"},"content":{"rendered":"<p>Der Schutz aus rostfreiem Stahl verleiht dem Polar Grill Langlebigkeit und Eleganz.<\/p>\n<p>Im Mai 2017 haben wir eine Namens\u00e4nderung f\u00fcr Polar Grills vorgenommen, und Grills mit den Ma\u00dfen, die dem S8-Diagramm entsprechen, wurden als M8 bezeichnet. Daher empfehlen wir, sowohl die S8- als auch die M8-Ma\u00dfe aus den Zeichnungen zu \u00fcberpr\u00fcfen, um das richtige Modell f\u00fcr Ihren Polar Grilli zu bestimmen.<\/p>\n<p>Lieferzeit betr\u00e4gt 1-2 Wochen ab Bestelldatum.<\/p>\n","protected":false},"excerpt":{"rendered":"<p>Dieser Grill-Einsatz aus Edelstahl ist so konzipiert, dass er dem Kamin zus\u00e4tzlichen Schutz bietet. Er erleichtert die Reinigung des Grills und dient letztendlich dazu, die durch das Feuer erzeugte Hitze einzufangen und zu intensivieren. Der Feuerboxschutz h\u00e4lt jedoch nicht den Stahlrost an Ort und Stelle, sondern sch\u00fctzt nur den Rand der Feuerbox vor Korrosion durch Fett und Salz.<\/p>\n<p>&nbsp;<\/p>\n","protected":false},"featured_media":4858,"template":"","meta":{"_acf_changed":false},"product_brand":[],"product_cat":[91,72],"product_tag":[],"class_list":{"0":"post-4854","1":"product","2":"type-product","3":"status-publish","4":"has-post-thumbnail","6":"product_cat-weitere-produkte","7":"product_cat-zubehoer","8":"product_shipping_class-posti-de","10":"first","11":"instock","12":"taxable","13":"shipping-taxable","14":"purchasable","15":"product-type-simple"},"acf":[],"_links":{"self":[{"href":"https:\/\/www.polarshop.fi\/de\/wp-json\/wp\/v2\/product\/4854","targetHints":{"allow":["GET"]}}],"collection":[{"href":"https:\/\/www.polarshop.fi\/de\/wp-json\/wp\/v2\/product"}],"about":[{"href":"https:\/\/www.polarshop.fi\/de\/wp-json\/wp\/v2\/types\/product"}],"wp:featuredmedia":[{"embeddable":true,"href":"https:\/\/www.polarshop.fi\/de\/wp-json\/wp\/v2\/media\/4858"}],"wp:attachment":[{"href":"https:\/\/www.polarshop.fi\/de\/wp-json\/wp\/v2\/media?parent=4854"}],"wp:term":[{"taxonomy":"product_brand","embeddable":true,"href":"https:\/\/www.polarshop.fi\/de\/wp-json\/wp\/v2\/product_brand?post=4854"},{"taxonomy":"product_cat","embeddable":true,"href":"https:\/\/www.polarshop.fi\/de\/wp-json\/wp\/v2\/product_cat?post=4854"},{"taxonomy":"product_tag","embeddable":true,"href":"https:\/\/www.polarshop.fi\/de\/wp-json\/wp\/v2\/product_tag?post=4854"}],"curies":[{"name":"wp","href":"https:\/\/api.w.org\/{rel}","templated":true}]}}