{"id":4660,"date":"2023-06-06T15:36:59","date_gmt":"2023-06-06T12:36:59","guid":{"rendered":"https:\/\/www.polarshop.fi\/?post_type=product&#038;p=4660"},"modified":"2025-02-27T15:41:06","modified_gmt":"2025-02-27T13:41:06","slug":"polar-grilli-s8-kota-modell-kopio-kopio-kopio","status":"publish","type":"product","link":"https:\/\/www.polarshop.fi\/de\/tuote\/polar-grilli-s8-kota-modell-kopio-kopio-kopio\/","title":{"rendered":"Polar Grilli S4 Terrassenmodell schwarz"},"content":{"rendered":"<h3>Das Polar Grilli S4 Terrassenmodell besteht aus den folgenden Teilen:<\/h3>\n<ul>\n<li>Grill<\/li>\n<li>4 Holztische mit Tischhalterungen<\/li>\n<li>Drehbarer Grillrost<\/li>\n<li>Kleinerer Grillrost<\/li>\n<li>Haken f\u00fcr Kaffeekanne<\/li>\n<li>Funkenschutz<\/li>\n<li>Haube<\/li>\n<li>St\u00fctzrohre 2 St\u00fcck<\/li>\n<li>Regenabdeckung<\/li>\n<\/ul>\n<h3>Abmessungen des Polar Grilli S4 Terrassenmodells:<\/h3>\n<ul>\n<li>Durchmesser des Grillrahmens ohne Holztische: 60,6 cm<\/li>\n<li>Durchmesser des Grills mit Holztischen: 97,6 cm<\/li>\n<li>Durchmesser der Feuerstelle: 61,8 cm<\/li>\n<li>Durchmesser des Grillrostes: 34 cm<\/li>\n<li>Durchmesser der Haube: 90 cm (H\u00f6he: 65 cm)<\/li>\n<li>H\u00f6he 71 cm<\/li>\n<\/ul>\n<p><a href=\"https:\/\/www.polarshop.fi\/wp-content\/uploads\/2024\/10\/Polar-Grilli-S4-asennusohje-09-2023-SO.pdf\">Beachten Sie die Montageanleitungen und Zeichnungen!<\/a><\/p>\n<p>Die Polar Grilli-Ger\u00e4te werden in Finnland aus Stahl mit schwarzem galvanisch aufgebrachten Zink hergestellt und sind mit hitzebest\u00e4ndiger Farbe beschichtet. Das Produkt wird mit Zwei Jahre Garantie geliefert.<\/p>\n<p>Website:<a href=\"http:\/\/www.polargrilli.com\/\" target=\"_blank\" rel=\"noopener noreferrer\">\u00a0http:\/\/www.polargrilli.com\/en\/<\/a><br \/>\nFacebook:\u00a0<a href=\"https:\/\/www.facebook.com\/polargrilli\/\" target=\"_blank\" rel=\"noopener noreferrer\">https:\/\/www.facebook.com\/polargrilli\/<\/a><br \/>\nInstagram:\u00a0<a href=\"https:\/\/www.instagram.com\/polargrilli\/\" target=\"_blank\" rel=\"noopener noreferrer\">https:\/\/www.instagram.com\/polargrilli\/<\/a><\/p>\n<p>Bei Polar Metalli verwenden wir f\u00fcr die Herstellung unserer Grills Materialien von h\u00f6chster Qualit\u00e4t, und jeder einzelne Grill wird mit gro\u00dfer Sorgfalt hergestellt. Wir fertigen seit mehr als 20 Jahren finnische Grills. Wenn Grills gem\u00e4\u00df der Anleitung gewartet werden, halten sie noch l\u00e4nger starken Beanspruchungen stand.<\/p>\n","protected":false},"excerpt":{"rendered":"<p>Die Terrassenversion des Polar Grilli S4 ist eine ausgezeichnete Wahl f\u00fcr jede Terrasse und jeden Garten. Sie findet auch auf eine kleinere Terrasse Platz und bietet dennoch viel Arbeitsfl\u00e4che.<\/p>\n<p>Die Haube und die Regenabdeckung sch\u00fctzen den Grill, so dass Sie auch bei Regen problemlos grillen k\u00f6nnen.<\/p>\n<p><strong>Lieferung frei Haus &#8211; beinhaltet.<\/strong><\/p>\n","protected":false},"featured_media":4649,"template":"","meta":{"_acf_changed":false},"product_brand":[],"product_cat":[69],"product_tag":[],"class_list":{"0":"post-4660","1":"product","2":"type-product","3":"status-publish","4":"has-post-thumbnail","6":"product_cat-terrassenmodelle","7":"product_shipping_class-db-schenker-de","9":"first","10":"instock","11":"taxable","12":"shipping-taxable","13":"purchasable","14":"product-type-simple"},"acf":[],"_links":{"self":[{"href":"https:\/\/www.polarshop.fi\/de\/wp-json\/wp\/v2\/product\/4660","targetHints":{"allow":["GET"]}}],"collection":[{"href":"https:\/\/www.polarshop.fi\/de\/wp-json\/wp\/v2\/product"}],"about":[{"href":"https:\/\/www.polarshop.fi\/de\/wp-json\/wp\/v2\/types\/product"}],"wp:featuredmedia":[{"embeddable":true,"href":"https:\/\/www.polarshop.fi\/de\/wp-json\/wp\/v2\/media\/4649"}],"wp:attachment":[{"href":"https:\/\/www.polarshop.fi\/de\/wp-json\/wp\/v2\/media?parent=4660"}],"wp:term":[{"taxonomy":"product_brand","embeddable":true,"href":"https:\/\/www.polarshop.fi\/de\/wp-json\/wp\/v2\/product_brand?post=4660"},{"taxonomy":"product_cat","embeddable":true,"href":"https:\/\/www.polarshop.fi\/de\/wp-json\/wp\/v2\/product_cat?post=4660"},{"taxonomy":"product_tag","embeddable":true,"href":"https:\/\/www.polarshop.fi\/de\/wp-json\/wp\/v2\/product_tag?post=4660"}],"curies":[{"name":"wp","href":"https:\/\/api.w.org\/{rel}","templated":true}]}}