{"id":4601,"date":"2023-05-30T08:56:49","date_gmt":"2023-05-30T05:56:49","guid":{"rendered":"https:\/\/www.polarshop.fi\/?post_type=product&#038;p=4601"},"modified":"2025-02-27T15:47:35","modified_gmt":"2025-02-27T13:47:35","slug":"polar-grilli-s4-kota-modell","status":"publish","type":"product","link":"https:\/\/www.polarshop.fi\/de\/tuote\/polar-grilli-s4-kota-modell\/","title":{"rendered":"Polar Grilli S4 Kota Modell"},"content":{"rendered":"<h3>Das Polar Grilli S4 Kota Modell besteht aus den folgenden Teilen:<\/h3>\n<ul>\n<li>Grill<\/li>\n<li>4 Holztische mit Tischhalterungen<\/li>\n<li>Drehbarer Grillrost<\/li>\n<li>Kleinerer Grillrost<\/li>\n<li>Haken f\u00fcr Kaffeekanne<\/li>\n<li>Funkenschutz<\/li>\n<li>Haube<\/li>\n<li>St\u00fctzrohre 2 St\u00fcck<\/li>\n<li>Kaminrohre<\/li>\n<li>\u00a0Dachrohr<\/li>\n<li>Regenmanschette (Der Kragen kann 2,37 &#8211; 2,77 m vom Boden entfernt sein)<\/li>\n<li>Regenabdeckung<\/li>\n<\/ul>\n<h3>Abmessungen des Polar Grilli S4 Kota Modells:<\/h3>\n<ul>\n<li>Durchmesser des Grillrahmens ohne Holztische: 60,6 cm<\/li>\n<li>Durchmesser des Grills mit Holztischen: 97,6 cm<\/li>\n<li>Durchmesser der Feuerstelle: 61,8 cm<\/li>\n<li>Durchmesser des Grillrostes: 34 cm<\/li>\n<li>Durchmesser der Haube: 90 cm (H\u00f6he: 65 cm)<\/li>\n<li>H\u00f6he 71 cm<\/li>\n<\/ul>\n<p><a href=\"https:\/\/www.polarshop.fi\/wp-content\/uploads\/2024\/10\/Polar-Grilli-S4-asennusohje-09-2023-SO.pdf\">Beachten Sie die Montageanleitungen und Zeichnungen!<\/a><\/p>\n<p>Die Polar Grilli-Ger\u00e4te werden in Finnland hergestellt. Das Produkt wird mit Zwei Jahre Garantie geliefert.<\/p>\n<p>Website:<a href=\"http:\/\/www.polargrilli.com\/\" target=\"_blank\" rel=\"noopener noreferrer\">\u00a0http:\/\/www.polargrilli.com\/en\/<\/a><br \/>\nFacebook:\u00a0<a href=\"https:\/\/www.facebook.com\/polargrilli\/\" target=\"_blank\" rel=\"noopener noreferrer\">https:\/\/www.facebook.com\/polargrilli\/<\/a><br \/>\nInstagram:\u00a0<a href=\"https:\/\/www.instagram.com\/polargrilli\/\" target=\"_blank\" rel=\"noopener noreferrer\">https:\/\/www.instagram.com\/polargrilli\/<\/a><\/p>\n<p>Bei Polar Metalli verwenden wir f\u00fcr die Herstellung unserer Grills Materialien von h\u00f6chster Qualit\u00e4t, und jeder einzelne Grill wird mit gro\u00dfer Sorgfalt hergestellt. Wir fertigen seit mehr als 20 Jahren finnische Grills. Wenn Grills gem\u00e4\u00df der Anleitung gewartet werden, halten sie noch l\u00e4nger starken Beanspruchungen stand.<\/p>\n","protected":false},"excerpt":{"rendered":"<p>Der Polar Grilli S4 Kota Model ist ein hochwertiger und robuster, achteckiger Grill, der in Finnland hergestellt wird. Es ist perfekt zum Grillen geeignet, w\u00e4rmt aber auch Ihre H\u00fctte.<\/p>\n<p><strong>Lieferung frei Haus &#8211; beinhaltet.<\/strong><\/p>\n<p>&nbsp;<\/p>\n","protected":false},"featured_media":4607,"template":"","meta":{"_acf_changed":false},"product_brand":[],"product_cat":[70],"product_tag":[],"class_list":{"0":"post-4601","1":"product","2":"type-product","3":"status-publish","4":"has-post-thumbnail","6":"product_cat-kota-modelle","7":"product_shipping_class-db-schenker-de","9":"first","10":"instock","11":"taxable","12":"shipping-taxable","13":"purchasable","14":"product-type-simple"},"acf":[],"_links":{"self":[{"href":"https:\/\/www.polarshop.fi\/de\/wp-json\/wp\/v2\/product\/4601","targetHints":{"allow":["GET"]}}],"collection":[{"href":"https:\/\/www.polarshop.fi\/de\/wp-json\/wp\/v2\/product"}],"about":[{"href":"https:\/\/www.polarshop.fi\/de\/wp-json\/wp\/v2\/types\/product"}],"wp:featuredmedia":[{"embeddable":true,"href":"https:\/\/www.polarshop.fi\/de\/wp-json\/wp\/v2\/media\/4607"}],"wp:attachment":[{"href":"https:\/\/www.polarshop.fi\/de\/wp-json\/wp\/v2\/media?parent=4601"}],"wp:term":[{"taxonomy":"product_brand","embeddable":true,"href":"https:\/\/www.polarshop.fi\/de\/wp-json\/wp\/v2\/product_brand?post=4601"},{"taxonomy":"product_cat","embeddable":true,"href":"https:\/\/www.polarshop.fi\/de\/wp-json\/wp\/v2\/product_cat?post=4601"},{"taxonomy":"product_tag","embeddable":true,"href":"https:\/\/www.polarshop.fi\/de\/wp-json\/wp\/v2\/product_tag?post=4601"}],"curies":[{"name":"wp","href":"https:\/\/api.w.org\/{rel}","templated":true}]}}