{"id":4549,"date":"2023-05-11T12:38:03","date_gmt":"2023-05-11T09:38:03","guid":{"rendered":"https:\/\/www.polarshop.fi\/tuote\/ember-crown-grillflache\/"},"modified":"2023-05-16T13:37:27","modified_gmt":"2023-05-16T10:37:27","slug":"ember-crown-grillflache","status":"publish","type":"product","link":"https:\/\/www.polarshop.fi\/de\/tuote\/ember-crown-grillflache\/","title":{"rendered":"Ember Crown Grillfl\u00e4che"},"content":{"rendered":"","protected":false},"excerpt":{"rendered":"<p>Die Grillfl\u00e4che besteht aus einer H\u00e4lfte, die aus 8 mm dicken Stahl hergestellt wird. W\u00e4hrend dem nutz wird die Fl\u00e4che die Feuerstelle gelegt. Auf der Grillfl\u00e4che k\u00f6nnen Sie Steaks, Gem\u00fcse order andere leckere Delikatessen zubereiten.<\/p>\n","protected":false},"featured_media":4509,"template":"","meta":{"_acf_changed":false},"product_brand":[],"product_cat":[134,72],"product_tag":[],"class_list":{"0":"post-4549","1":"product","2":"type-product","3":"status-publish","4":"has-post-thumbnail","6":"product_cat-feuerstellen","7":"product_cat-zubehoer","9":"first","10":"instock","11":"taxable","12":"shipping-taxable","13":"purchasable","14":"product-type-simple"},"acf":[],"_links":{"self":[{"href":"https:\/\/www.polarshop.fi\/de\/wp-json\/wp\/v2\/product\/4549","targetHints":{"allow":["GET"]}}],"collection":[{"href":"https:\/\/www.polarshop.fi\/de\/wp-json\/wp\/v2\/product"}],"about":[{"href":"https:\/\/www.polarshop.fi\/de\/wp-json\/wp\/v2\/types\/product"}],"wp:featuredmedia":[{"embeddable":true,"href":"https:\/\/www.polarshop.fi\/de\/wp-json\/wp\/v2\/media\/4509"}],"wp:attachment":[{"href":"https:\/\/www.polarshop.fi\/de\/wp-json\/wp\/v2\/media?parent=4549"}],"wp:term":[{"taxonomy":"product_brand","embeddable":true,"href":"https:\/\/www.polarshop.fi\/de\/wp-json\/wp\/v2\/product_brand?post=4549"},{"taxonomy":"product_cat","embeddable":true,"href":"https:\/\/www.polarshop.fi\/de\/wp-json\/wp\/v2\/product_cat?post=4549"},{"taxonomy":"product_tag","embeddable":true,"href":"https:\/\/www.polarshop.fi\/de\/wp-json\/wp\/v2\/product_tag?post=4549"}],"curies":[{"name":"wp","href":"https:\/\/api.w.org\/{rel}","templated":true}]}}