{"id":4548,"date":"2023-05-11T12:34:44","date_gmt":"2023-05-11T09:34:44","guid":{"rendered":"https:\/\/www.polarshop.fi\/tuote\/ember-crown\/"},"modified":"2024-10-30T13:22:55","modified_gmt":"2024-10-30T11:22:55","slug":"ember-crown","status":"publish","type":"product","link":"https:\/\/www.polarshop.fi\/de\/tuote\/ember-crown\/","title":{"rendered":"Ember Crown Grillrost Set M6"},"content":{"rendered":"<p>Das Grillrost Set beinhaltet einen M6 Grillrost (Durchmesser 41 cm), ein Stahlrohr und ein Sicherungsring, die zum Zweck der lagerung entfernt werden k\u00f6nnen.<\/p>\n","protected":false},"excerpt":{"rendered":"<p>Mit dem Grillrost-Set holen Sie noch mehr aus Ihrem Ember Crown-Grillerlebnis heraus. Im Grillrost k\u00f6nnen Sie Lachs, H\u00e4hnchen, Fleisch und Gem\u00fcse einfach und sicher grillen. Er kann auch als Grillfl\u00e4che verwendet werden, auf der Sie die Sommerleckereien \u00fcber echtem Feuer zubereiten k\u00f6nnen<\/p>\n","protected":false},"featured_media":4506,"template":"","meta":{"_acf_changed":false},"product_brand":[],"product_cat":[134,72],"product_tag":[],"class_list":{"0":"post-4548","1":"product","2":"type-product","3":"status-publish","4":"has-post-thumbnail","6":"product_cat-feuerstellen","7":"product_cat-zubehoer","9":"first","10":"instock","11":"taxable","12":"shipping-taxable","13":"purchasable","14":"product-type-simple"},"acf":[],"_links":{"self":[{"href":"https:\/\/www.polarshop.fi\/de\/wp-json\/wp\/v2\/product\/4548","targetHints":{"allow":["GET"]}}],"collection":[{"href":"https:\/\/www.polarshop.fi\/de\/wp-json\/wp\/v2\/product"}],"about":[{"href":"https:\/\/www.polarshop.fi\/de\/wp-json\/wp\/v2\/types\/product"}],"wp:featuredmedia":[{"embeddable":true,"href":"https:\/\/www.polarshop.fi\/de\/wp-json\/wp\/v2\/media\/4506"}],"wp:attachment":[{"href":"https:\/\/www.polarshop.fi\/de\/wp-json\/wp\/v2\/media?parent=4548"}],"wp:term":[{"taxonomy":"product_brand","embeddable":true,"href":"https:\/\/www.polarshop.fi\/de\/wp-json\/wp\/v2\/product_brand?post=4548"},{"taxonomy":"product_cat","embeddable":true,"href":"https:\/\/www.polarshop.fi\/de\/wp-json\/wp\/v2\/product_cat?post=4548"},{"taxonomy":"product_tag","embeddable":true,"href":"https:\/\/www.polarshop.fi\/de\/wp-json\/wp\/v2\/product_tag?post=4548"}],"curies":[{"name":"wp","href":"https:\/\/api.w.org\/{rel}","templated":true}]}}