{"id":4546,"date":"2023-05-11T12:20:15","date_gmt":"2023-05-11T09:20:15","guid":{"rendered":"https:\/\/www.polarshop.fi\/tuote\/ember-crown-fuerstelle-corten-stahl\/"},"modified":"2023-08-24T11:40:07","modified_gmt":"2023-08-24T08:40:07","slug":"ember-crown-fuerstelle-corten-stahl","status":"publish","type":"product","link":"https:\/\/www.polarshop.fi\/de\/tuote\/ember-crown-fuerstelle-corten-stahl\/","title":{"rendered":"Ember Crown Fuerstelle Corten Stahl"},"content":{"rendered":"<h3>M\u00e4\u00dfe:<\/h3>\n<ul>\n<li>H\u00f6he der Feuerstelle 330 mm<\/li>\n<li>Durchmesser (oben) 836 mm<\/li>\n<li>Durchmesser (unten) 650 mm<\/li>\n<li>Gewicht 49 kg<\/li>\n<\/ul>\n","protected":false},"excerpt":{"rendered":"<p><span data-contrast=\"auto\">Die Ember Crown Feuerstelle verbindet modernes Design und die Leidenschaft f\u00fcr kochen \u00fcber dem offenen Feuer. Diese Feuerstelle ist garantiert der Blickf\u00e4nger in jedem Hof.<\/span><\/p>\n<p><span data-contrast=\"auto\">Die Feuerstelle wird aus hochwertigen Corten Stahl hergestellt, was daf\u00fcr sorgt, dass das Produkt hohe Temperaturen und alle Wetterverh\u00e4ltnisse widerstehen kann.<\/span><span data-ccp-props=\"{&quot;201341983&quot;:0,&quot;335559739&quot;:160,&quot;335559740&quot;:259}\">\u00a0<\/span><\/p>\n<p><span data-contrast=\"auto\">Mit der Ember Crown k\u00f6nnen Sie und Ihre Familie die sch\u00f6nsten Grillmomente verbringen. Flammlodern Sie leckeren Lach mit dem Grillrost, braten Sie saftige Steaks auf der Grillfl\u00e4che oder grillen Sie zartes Fleich auf einem Saslik Spie\u00df. Mit dem vielseitigen Zubeh\u00f6r k\u00f6nnen Sie viele leckere Delikatessen zubereiten.<\/span><\/p>\n<p><span data-contrast=\"auto\">Versammeln Sie sich um diese sch\u00f6ne Feuerstelle und genie\u00dfen Sie die wundervolle Atmosph\u00e4re. <\/span><span data-ccp-props=\"{&quot;201341983&quot;:0,&quot;335559739&quot;:160,&quot;335559740&quot;:259}\">\u00a0<\/span><\/p>\n","protected":false},"featured_media":4512,"template":"","meta":{"_acf_changed":false},"product_brand":[],"product_cat":[134],"product_tag":[],"class_list":{"0":"post-4546","1":"product","2":"type-product","3":"status-publish","4":"has-post-thumbnail","6":"product_cat-feuerstellen","8":"first","9":"instock","10":"taxable","11":"shipping-taxable","12":"purchasable","13":"product-type-simple"},"acf":[],"_links":{"self":[{"href":"https:\/\/www.polarshop.fi\/de\/wp-json\/wp\/v2\/product\/4546","targetHints":{"allow":["GET"]}}],"collection":[{"href":"https:\/\/www.polarshop.fi\/de\/wp-json\/wp\/v2\/product"}],"about":[{"href":"https:\/\/www.polarshop.fi\/de\/wp-json\/wp\/v2\/types\/product"}],"wp:featuredmedia":[{"embeddable":true,"href":"https:\/\/www.polarshop.fi\/de\/wp-json\/wp\/v2\/media\/4512"}],"wp:attachment":[{"href":"https:\/\/www.polarshop.fi\/de\/wp-json\/wp\/v2\/media?parent=4546"}],"wp:term":[{"taxonomy":"product_brand","embeddable":true,"href":"https:\/\/www.polarshop.fi\/de\/wp-json\/wp\/v2\/product_brand?post=4546"},{"taxonomy":"product_cat","embeddable":true,"href":"https:\/\/www.polarshop.fi\/de\/wp-json\/wp\/v2\/product_cat?post=4546"},{"taxonomy":"product_tag","embeddable":true,"href":"https:\/\/www.polarshop.fi\/de\/wp-json\/wp\/v2\/product_tag?post=4546"}],"curies":[{"name":"wp","href":"https:\/\/api.w.org\/{rel}","templated":true}]}}