{"id":3037,"date":"2020-06-12T11:35:11","date_gmt":"2020-06-12T08:35:11","guid":{"rendered":"https:\/\/www.polarshop.fi\/tuote\/mypizza-backblech\/"},"modified":"2021-08-23T11:57:18","modified_gmt":"2021-08-23T08:57:18","slug":"mypizza-backblech","status":"publish","type":"product","link":"https:\/\/www.polarshop.fi\/de\/tuote\/mypizza-backblech\/","title":{"rendered":"MyPizza Backblech"},"content":{"rendered":"<p>Das MyPizza Backblech macht es m\u00f6glich Pizzen einfach zu bearbeiten, f\u00fcllen und servieren. Dank der R\u00e4nder bleibt Ihre K\u00fcche beim backen sauberer, weil Zutaten wie Mehl auf dem Blech bleiben.<\/p>\n<p>Die Masen des Bleches sind 485 x 340 mm und die H\u00f6he der R\u00e4nder ist 25 mm.<\/p>\n<p>Hergestellt in Finnland.<\/p>\n<p>Bitte beachten Sie, dass das Blech mit einem Schutzfilm beschichtet ist, der\u00a0 vor der Nutzung entfernt werden sollte.<\/p>\n<p>F\u00fcr Rezepte sehen Sie unsere <a href=\"https:\/\/www.mypizzamoments.com\/en\/recipes\/\" target=\"_blank\" rel=\"noopener noreferrer\">Webseite.<\/a><\/p>\n","protected":false},"excerpt":{"rendered":"<ul>\n<li>Material: Edelstahl<\/li>\n<li>Breite: 485 mm<\/li>\n<li>Tiefe: 340 mm<\/li>\n<li>R\u00e4nder: 25 mm<\/li>\n<li>Hergestellt in Finnland<\/li>\n<\/ul>\n","protected":false},"featured_media":1451,"template":"","meta":{"_acf_changed":false},"product_brand":[],"product_cat":[66],"product_tag":[],"class_list":{"0":"post-3037","1":"product","2":"type-product","3":"status-publish","4":"has-post-thumbnail","6":"product_cat-mypizza-de","7":"product_shipping_class-posti-de","9":"first","10":"instock","11":"taxable","12":"shipping-taxable","13":"purchasable","14":"product-type-simple"},"acf":[],"_links":{"self":[{"href":"https:\/\/www.polarshop.fi\/de\/wp-json\/wp\/v2\/product\/3037","targetHints":{"allow":["GET"]}}],"collection":[{"href":"https:\/\/www.polarshop.fi\/de\/wp-json\/wp\/v2\/product"}],"about":[{"href":"https:\/\/www.polarshop.fi\/de\/wp-json\/wp\/v2\/types\/product"}],"wp:featuredmedia":[{"embeddable":true,"href":"https:\/\/www.polarshop.fi\/de\/wp-json\/wp\/v2\/media\/1451"}],"wp:attachment":[{"href":"https:\/\/www.polarshop.fi\/de\/wp-json\/wp\/v2\/media?parent=3037"}],"wp:term":[{"taxonomy":"product_brand","embeddable":true,"href":"https:\/\/www.polarshop.fi\/de\/wp-json\/wp\/v2\/product_brand?post=3037"},{"taxonomy":"product_cat","embeddable":true,"href":"https:\/\/www.polarshop.fi\/de\/wp-json\/wp\/v2\/product_cat?post=3037"},{"taxonomy":"product_tag","embeddable":true,"href":"https:\/\/www.polarshop.fi\/de\/wp-json\/wp\/v2\/product_tag?post=3037"}],"curies":[{"name":"wp","href":"https:\/\/api.w.org\/{rel}","templated":true}]}}