{"id":2965,"date":"2021-07-21T10:16:05","date_gmt":"2021-07-21T07:16:05","guid":{"rendered":"https:\/\/www.polarshop.fi\/?post_type=product&#038;p=2965"},"modified":"2021-07-27T10:29:35","modified_gmt":"2021-07-27T07:29:35","slug":"verstellbare-tischplattenhalterung","status":"publish","type":"product","link":"https:\/\/www.polarshop.fi\/de\/tuote\/verstellbare-tischplattenhalterung\/","title":{"rendered":"Verstellbare Tischplattenhalterung"},"content":{"rendered":"<p>Auf dem Video sehen Sie einen Prototyp. Das erh\u00e4ltliche Model ist geschlossen und schwarz.<\/p>\n<figure class=\"wp-block-embed wp-block-embed-youtube is-type-video is-provider-youtube epyt-figure\"><div class=\"wp-block-embed__wrapper\"><iframe  id=\"_ytid_69799\"  width=\"980\" height=\"551\"  data-origwidth=\"980\" data-origheight=\"551\" src=\"https:\/\/www.youtube.com\/embed\/TfOn0NS5-nM?enablejsapi=1&autoplay=0&cc_load_policy=0&cc_lang_pref=&iv_load_policy=1&loop=0&rel=1&fs=1&playsinline=0&autohide=2&theme=dark&color=red&controls=1&disablekb=0&\" class=\"__youtube_prefs__  no-lazyload\" title=\"YouTube player\"  allow=\"fullscreen; accelerometer; autoplay; clipboard-write; encrypted-media; gyroscope; picture-in-picture; web-share\" referrerpolicy=\"strict-origin-when-cross-origin\" allowfullscreen data-no-lazy=\"1\" data-skipgform_ajax_framebjll=\"\"><\/iframe><\/div><\/figure>\n","protected":false},"excerpt":{"rendered":"<p>Genie\u00dfen Sie Delikatessen um den Grill! Mit Hilfe der verstellbaren Tischplattenhalterung k\u00f6nnen Sie die Tischplatte n\u00e4her zu sich beim essen bewegen. Die Tischplattenhalterung ist perfekt f\u00fcr Grillh\u00fctten (Kotas) geeignet.<\/p>\n<p>Suchen Sie sich das passende Model f\u00fcr Ihren Grill aus. Auch einzeln bestellbar. Finden sie mehr heraus: <a href=\"mailto:info@polarmetalli.fi\">info@polarmetalli.fi<\/a>.<\/p>\n<p><strong>Bitte beachten Sie, dass im Preis keine Tischplatten oder Schrauben inbegriffen sind.<\/strong><\/p>\n<p>&nbsp;<\/p>\n<p>&nbsp;<\/p>\n","protected":false},"featured_media":2969,"template":"","meta":{"_acf_changed":false},"product_brand":[],"product_cat":[91,72],"product_tag":[],"class_list":{"0":"post-2965","1":"product","2":"type-product","3":"status-publish","4":"has-post-thumbnail","6":"product_cat-weitere-produkte","7":"product_cat-zubehoer","8":"product_shipping_class-posti-de","10":"first","11":"instock","12":"taxable","13":"shipping-taxable","14":"purchasable","15":"product-type-simple"},"acf":[],"_links":{"self":[{"href":"https:\/\/www.polarshop.fi\/de\/wp-json\/wp\/v2\/product\/2965","targetHints":{"allow":["GET"]}}],"collection":[{"href":"https:\/\/www.polarshop.fi\/de\/wp-json\/wp\/v2\/product"}],"about":[{"href":"https:\/\/www.polarshop.fi\/de\/wp-json\/wp\/v2\/types\/product"}],"wp:featuredmedia":[{"embeddable":true,"href":"https:\/\/www.polarshop.fi\/de\/wp-json\/wp\/v2\/media\/2969"}],"wp:attachment":[{"href":"https:\/\/www.polarshop.fi\/de\/wp-json\/wp\/v2\/media?parent=2965"}],"wp:term":[{"taxonomy":"product_brand","embeddable":true,"href":"https:\/\/www.polarshop.fi\/de\/wp-json\/wp\/v2\/product_brand?post=2965"},{"taxonomy":"product_cat","embeddable":true,"href":"https:\/\/www.polarshop.fi\/de\/wp-json\/wp\/v2\/product_cat?post=2965"},{"taxonomy":"product_tag","embeddable":true,"href":"https:\/\/www.polarshop.fi\/de\/wp-json\/wp\/v2\/product_tag?post=2965"}],"curies":[{"name":"wp","href":"https:\/\/api.w.org\/{rel}","templated":true}]}}