{"id":2923,"date":"2021-07-15T12:09:40","date_gmt":"2021-07-15T09:09:40","guid":{"rendered":"https:\/\/www.polarshop.fi\/?post_type=product&#038;p=2923"},"modified":"2021-07-16T11:48:18","modified_gmt":"2021-07-16T08:48:18","slug":"grillrost-kurbelverstellung","status":"publish","type":"product","link":"https:\/\/www.polarshop.fi\/de\/tuote\/grillrost-kurbelverstellung\/","title":{"rendered":"Grillrost Kurbelverstellung"},"content":{"rendered":"<p>&nbsp;<\/p>\n<ul>\n<li>Grillrost Kurbelverstellungsteil<\/li>\n<\/ul>\n","protected":false},"excerpt":{"rendered":"<p>Mit Hilfe der Kurbelverstellung k\u00f6nnen Sie Ihren Grillrost m\u00fchelos vertikal und horizontal verstellen. Wenn Sie m\u00f6chten, k\u00f6nnen sie auch eine Gusseisenpfanne von Polar Grilli anstatt des Grillrostes verwenden.<\/p>\n<p>&nbsp;<\/p>\n<p>Beim Bestellen beachten Sie bitte welches Grillmodel Sie besitzen, um sicherzustellen, dass Sie das richtige Verl\u00e4ngerungsst\u00fcck erhalten. Die Kurbelverstellung ersetzt eines der Haubenst\u00fctzrohre.<\/p>\n","protected":false},"featured_media":2933,"template":"","meta":{"_acf_changed":false},"product_brand":[],"product_cat":[91,72],"product_tag":[],"class_list":{"0":"post-2923","1":"product","2":"type-product","3":"status-publish","4":"has-post-thumbnail","6":"product_cat-weitere-produkte","7":"product_cat-zubehoer","8":"product_shipping_class-posti-de","10":"first","11":"instock","12":"taxable","13":"shipping-taxable","14":"purchasable","15":"product-type-simple"},"acf":[],"_links":{"self":[{"href":"https:\/\/www.polarshop.fi\/de\/wp-json\/wp\/v2\/product\/2923","targetHints":{"allow":["GET"]}}],"collection":[{"href":"https:\/\/www.polarshop.fi\/de\/wp-json\/wp\/v2\/product"}],"about":[{"href":"https:\/\/www.polarshop.fi\/de\/wp-json\/wp\/v2\/types\/product"}],"wp:featuredmedia":[{"embeddable":true,"href":"https:\/\/www.polarshop.fi\/de\/wp-json\/wp\/v2\/media\/2933"}],"wp:attachment":[{"href":"https:\/\/www.polarshop.fi\/de\/wp-json\/wp\/v2\/media?parent=2923"}],"wp:term":[{"taxonomy":"product_brand","embeddable":true,"href":"https:\/\/www.polarshop.fi\/de\/wp-json\/wp\/v2\/product_brand?post=2923"},{"taxonomy":"product_cat","embeddable":true,"href":"https:\/\/www.polarshop.fi\/de\/wp-json\/wp\/v2\/product_cat?post=2923"},{"taxonomy":"product_tag","embeddable":true,"href":"https:\/\/www.polarshop.fi\/de\/wp-json\/wp\/v2\/product_tag?post=2923"}],"curies":[{"name":"wp","href":"https:\/\/api.w.org\/{rel}","templated":true}]}}