{"id":2915,"date":"2021-07-15T10:51:16","date_gmt":"2021-07-15T07:51:16","guid":{"rendered":"https:\/\/www.polarshop.fi\/?post_type=product&#038;p=2915"},"modified":"2021-09-24T08:06:55","modified_gmt":"2021-09-24T05:06:55","slug":"rotisserie-korb","status":"publish","type":"product","link":"https:\/\/www.polarshop.fi\/de\/tuote\/rotisserie-korb\/","title":{"rendered":"Rotisserie Korb"},"content":{"rendered":"<p>&nbsp;<\/p>\n<ul>\n<li>Korb (Stahl)<\/li>\n<li>L\u00e4nge 42,1cm<\/li>\n<li>H\u00f6he 18cm\n<p><figure class=\"wp-block-embed wp-block-embed-youtube is-type-video is-provider-youtube epyt-figure\"><div class=\"wp-block-embed__wrapper\"><iframe  id=\"_ytid_48269\"  width=\"980\" height=\"551\"  data-origwidth=\"980\" data-origheight=\"551\" src=\"https:\/\/www.youtube.com\/embed\/NBllLEzCfs8?enablejsapi=1&autoplay=0&cc_load_policy=0&cc_lang_pref=&iv_load_policy=1&loop=0&rel=1&fs=1&playsinline=0&autohide=2&theme=dark&color=red&controls=1&disablekb=0&\" class=\"__youtube_prefs__  no-lazyload\" title=\"YouTube player\"  allow=\"fullscreen; accelerometer; autoplay; clipboard-write; encrypted-media; gyroscope; picture-in-picture; web-share\" referrerpolicy=\"strict-origin-when-cross-origin\" allowfullscreen data-no-lazy=\"1\" data-skipgform_ajax_framebjll=\"\"><\/iframe><\/div><\/figure><\/li>\n<\/ul>\n","protected":false},"excerpt":{"rendered":"<p>Ein Accessoire gedacht f\u00fcr die motorbetriebene Rotisserie von Polar Metalli. Mit Hilfe des Rotisserie Korbs ist es m\u00f6glich zum Beispiel k\u00f6stlich knusprige H\u00fchnchen Fl\u00fcgel zuzubereiten.<\/p>\n","protected":false},"featured_media":2919,"template":"","meta":{"_acf_changed":false},"product_brand":[],"product_cat":[91,72],"product_tag":[],"class_list":{"0":"post-2915","1":"product","2":"type-product","3":"status-publish","4":"has-post-thumbnail","6":"product_cat-weitere-produkte","7":"product_cat-zubehoer","8":"product_shipping_class-posti-de","10":"first","11":"instock","12":"taxable","13":"shipping-taxable","14":"purchasable","15":"product-type-simple"},"acf":[],"_links":{"self":[{"href":"https:\/\/www.polarshop.fi\/de\/wp-json\/wp\/v2\/product\/2915","targetHints":{"allow":["GET"]}}],"collection":[{"href":"https:\/\/www.polarshop.fi\/de\/wp-json\/wp\/v2\/product"}],"about":[{"href":"https:\/\/www.polarshop.fi\/de\/wp-json\/wp\/v2\/types\/product"}],"wp:featuredmedia":[{"embeddable":true,"href":"https:\/\/www.polarshop.fi\/de\/wp-json\/wp\/v2\/media\/2919"}],"wp:attachment":[{"href":"https:\/\/www.polarshop.fi\/de\/wp-json\/wp\/v2\/media?parent=2915"}],"wp:term":[{"taxonomy":"product_brand","embeddable":true,"href":"https:\/\/www.polarshop.fi\/de\/wp-json\/wp\/v2\/product_brand?post=2915"},{"taxonomy":"product_cat","embeddable":true,"href":"https:\/\/www.polarshop.fi\/de\/wp-json\/wp\/v2\/product_cat?post=2915"},{"taxonomy":"product_tag","embeddable":true,"href":"https:\/\/www.polarshop.fi\/de\/wp-json\/wp\/v2\/product_tag?post=2915"}],"curies":[{"name":"wp","href":"https:\/\/api.w.org\/{rel}","templated":true}]}}