{"id":2906,"date":"2021-07-15T10:10:37","date_gmt":"2021-07-15T07:10:37","guid":{"rendered":"https:\/\/www.polarshop.fi\/?post_type=product&#038;p=2906"},"modified":"2023-07-26T12:24:41","modified_gmt":"2023-07-26T09:24:41","slug":"motorbetriebene-rotisserie","status":"publish","type":"product","link":"https:\/\/www.polarshop.fi\/de\/tuote\/motorbetriebene-rotisserie\/","title":{"rendered":"Motorbetriebene Rotisserie"},"content":{"rendered":"<p>&nbsp;<\/p>\n<ul>\n<li>Batterie betriebener Motor 2 x 1,5V D LR20 (enthalten keine Batterien)<\/li>\n<li>Grillspie\u00df (Stahl)<\/li>\n<li>Gabeln (Stahl)<\/li>\n<li>Verschl\u00fcsse<\/li>\n<li>Empfohlene H\u00f6chstlast 4,5kg<\/li>\n<\/ul>\n","protected":false},"excerpt":{"rendered":"<p>Eine Rotisserie, mit der Sie einfach k\u00f6stliche D\u00f6ner, ganze H\u00fchnchen und andere Delikatessen zubereiten k\u00f6nnen. Der lautlose Motor ist Batterie betrieben und dreht die Rotisserie langsam. Dieses f\u00fchrt zum gleichm\u00e4\u00dfigen Grillergebnis. Lassen Sie die Rotisserie f\u00fcr Sie grillen und genesen sie das Endprodukt!<\/p>\n<p>Als Zubeh\u00f6r ist ein Rotisserie Korb erh\u00e4ltlich, in dem Sie zum Beispiel knusprige Fl\u00fcgel zubereiten k\u00f6nnen.<\/p>\n","protected":false},"featured_media":4086,"template":"","meta":{"_acf_changed":false},"product_brand":[],"product_cat":[91,72],"product_tag":[],"class_list":{"0":"post-2906","1":"product","2":"type-product","3":"status-publish","4":"has-post-thumbnail","6":"product_cat-weitere-produkte","7":"product_cat-zubehoer","8":"product_shipping_class-posti-de","10":"first","11":"instock","12":"taxable","13":"shipping-taxable","14":"purchasable","15":"product-type-simple"},"acf":[],"_links":{"self":[{"href":"https:\/\/www.polarshop.fi\/de\/wp-json\/wp\/v2\/product\/2906","targetHints":{"allow":["GET"]}}],"collection":[{"href":"https:\/\/www.polarshop.fi\/de\/wp-json\/wp\/v2\/product"}],"about":[{"href":"https:\/\/www.polarshop.fi\/de\/wp-json\/wp\/v2\/types\/product"}],"wp:featuredmedia":[{"embeddable":true,"href":"https:\/\/www.polarshop.fi\/de\/wp-json\/wp\/v2\/media\/4086"}],"wp:attachment":[{"href":"https:\/\/www.polarshop.fi\/de\/wp-json\/wp\/v2\/media?parent=2906"}],"wp:term":[{"taxonomy":"product_brand","embeddable":true,"href":"https:\/\/www.polarshop.fi\/de\/wp-json\/wp\/v2\/product_brand?post=2906"},{"taxonomy":"product_cat","embeddable":true,"href":"https:\/\/www.polarshop.fi\/de\/wp-json\/wp\/v2\/product_cat?post=2906"},{"taxonomy":"product_tag","embeddable":true,"href":"https:\/\/www.polarshop.fi\/de\/wp-json\/wp\/v2\/product_tag?post=2906"}],"curies":[{"name":"wp","href":"https:\/\/api.w.org\/{rel}","templated":true}]}}