{"id":2713,"date":"2021-05-31T16:53:53","date_gmt":"2021-05-31T13:53:53","guid":{"rendered":"https:\/\/www.polarshop.fi\/?post_type=product&#038;p=2713"},"modified":"2021-07-29T10:13:00","modified_gmt":"2021-07-29T07:13:00","slug":"hakenset","status":"publish","type":"product","link":"https:\/\/www.polarshop.fi\/de\/tuote\/hakenset\/","title":{"rendered":"Hakenset"},"content":{"rendered":"<ul>\n<li>Kette 3mm Edelstahl<\/li>\n<li>Haken 3 st\u00fcck<\/li>\n<li>Verschl\u00fcsse<\/li>\n<\/ul>\n<figure class=\"wp-block-embed wp-block-embed-youtube is-type-video is-provider-youtube epyt-figure\"><div class=\"wp-block-embed__wrapper\"><iframe  id=\"_ytid_60739\"  width=\"980\" height=\"551\"  data-origwidth=\"980\" data-origheight=\"551\" src=\"https:\/\/www.youtube.com\/embed\/61h_vE3vhSw?enablejsapi=1&autoplay=0&cc_load_policy=0&cc_lang_pref=&iv_load_policy=1&loop=0&rel=1&fs=1&playsinline=0&autohide=2&theme=dark&color=red&controls=1&disablekb=0&\" class=\"__youtube_prefs__  no-lazyload\" title=\"YouTube player\"  allow=\"fullscreen; accelerometer; autoplay; clipboard-write; encrypted-media; gyroscope; picture-in-picture; web-share\" referrerpolicy=\"strict-origin-when-cross-origin\" allowfullscreen data-no-lazy=\"1\" data-skipgform_ajax_framebjll=\"\"><\/iframe><\/div><\/figure>\n","protected":false},"excerpt":{"rendered":"<p>Folgen Sie der Fu\u00dftapfen unserer Vorv\u00e4ter und bereiten sie Fleisch \u00fcber dem Feuer zu. Lassen sie den Rauch Ihr Fleisch w\u00fcrzen und das Feuer es Braten!<\/p>\n<p>Das Hakenset ist so entworfen, dass es mit Polar Grilli Hauben kompatibel ist. Die Kette wird an die Tr\u00e4ger der Haube angebracht und die Haken h\u00e4ngen frei von der Kette.<\/p>\n","protected":false},"featured_media":2717,"template":"","meta":{"_acf_changed":false},"product_brand":[],"product_cat":[91,72],"product_tag":[],"class_list":{"0":"post-2713","1":"product","2":"type-product","3":"status-publish","4":"has-post-thumbnail","6":"product_cat-weitere-produkte","7":"product_cat-zubehoer","8":"product_shipping_class-posti-de","10":"first","11":"instock","12":"taxable","13":"shipping-taxable","14":"purchasable","15":"product-type-simple"},"acf":[],"_links":{"self":[{"href":"https:\/\/www.polarshop.fi\/de\/wp-json\/wp\/v2\/product\/2713","targetHints":{"allow":["GET"]}}],"collection":[{"href":"https:\/\/www.polarshop.fi\/de\/wp-json\/wp\/v2\/product"}],"about":[{"href":"https:\/\/www.polarshop.fi\/de\/wp-json\/wp\/v2\/types\/product"}],"wp:featuredmedia":[{"embeddable":true,"href":"https:\/\/www.polarshop.fi\/de\/wp-json\/wp\/v2\/media\/2717"}],"wp:attachment":[{"href":"https:\/\/www.polarshop.fi\/de\/wp-json\/wp\/v2\/media?parent=2713"}],"wp:term":[{"taxonomy":"product_brand","embeddable":true,"href":"https:\/\/www.polarshop.fi\/de\/wp-json\/wp\/v2\/product_brand?post=2713"},{"taxonomy":"product_cat","embeddable":true,"href":"https:\/\/www.polarshop.fi\/de\/wp-json\/wp\/v2\/product_cat?post=2713"},{"taxonomy":"product_tag","embeddable":true,"href":"https:\/\/www.polarshop.fi\/de\/wp-json\/wp\/v2\/product_tag?post=2713"}],"curies":[{"name":"wp","href":"https:\/\/api.w.org\/{rel}","templated":true}]}}