{"id":2463,"date":"2021-04-13T10:24:25","date_gmt":"2021-04-13T07:24:25","guid":{"rendered":"https:\/\/www.polarshop.fi\/?post_type=product&#038;p=2463"},"modified":"2023-01-16T08:17:14","modified_gmt":"2023-01-16T06:17:14","slug":"grillflaeche","status":"publish","type":"product","link":"https:\/\/www.polarshop.fi\/de\/tuote\/grillflaeche\/","title":{"rendered":"Grillfl\u00e4che"},"content":{"rendered":"<figure class=\"wp-block-embed wp-block-embed-youtube is-type-video is-provider-youtube epyt-figure\"><div class=\"wp-block-embed__wrapper\"><iframe  id=\"_ytid_32295\"  width=\"980\" height=\"551\"  data-origwidth=\"980\" data-origheight=\"551\" src=\"https:\/\/www.youtube.com\/embed\/eMZubJ3MqYE?enablejsapi=1&autoplay=0&cc_load_policy=0&cc_lang_pref=&iv_load_policy=1&loop=0&rel=1&fs=1&playsinline=0&autohide=2&theme=dark&color=red&controls=1&disablekb=0&\" class=\"__youtube_prefs__  no-lazyload\" title=\"YouTube player\"  allow=\"fullscreen; accelerometer; autoplay; clipboard-write; encrypted-media; gyroscope; picture-in-picture; web-share\" referrerpolicy=\"strict-origin-when-cross-origin\" allowfullscreen data-no-lazy=\"1\" data-skipgform_ajax_framebjll=\"\"><\/iframe><\/div><\/figure>\n","protected":false},"excerpt":{"rendered":"<p>Grillfl\u00e4che<\/p>\n<p>Auf der Polar Grillfl\u00e4che k\u00f6nnen Sie saftige Steaks zubereiten! Mit Hilfe der Grillfl\u00e4che ist es m\u00f6glich eine gr\u00f6\u00dfere Fl\u00e4che der Feuerst\u00e4tte beim Grillen zu nutzen. Die Fl\u00e4che besteht aus zwei H\u00e4lften, also k\u00f6nnen Sie nach Bedarf entweder eine oder beide H\u00e4lften nutzen.<\/p>\n<p><strong>Im Preis ist eine Fl\u00e4che inbegriffen f\u00fcr S8 Grill.<\/strong><\/p>\n<p>Die Grillfl\u00e4che wird w\u00e4hrend der Nutzung auf den Funkenschutz gelegt. Beachten Sie bitte, dass der Funkenschutz mit Polar Grilli geliefert wird, aber geh\u00f6rt nicht bei Grillnetzlieferungen dazu.<\/p>\n","protected":false},"featured_media":2672,"template":"","meta":{"_acf_changed":false},"product_brand":[],"product_cat":[72],"product_tag":[],"class_list":{"0":"post-2463","1":"product","2":"type-product","3":"status-publish","4":"has-post-thumbnail","6":"product_cat-zubehoer","7":"product_shipping_class-posti-de","9":"first","10":"instock","11":"taxable","12":"shipping-taxable","13":"purchasable","14":"product-type-simple"},"acf":[],"_links":{"self":[{"href":"https:\/\/www.polarshop.fi\/de\/wp-json\/wp\/v2\/product\/2463","targetHints":{"allow":["GET"]}}],"collection":[{"href":"https:\/\/www.polarshop.fi\/de\/wp-json\/wp\/v2\/product"}],"about":[{"href":"https:\/\/www.polarshop.fi\/de\/wp-json\/wp\/v2\/types\/product"}],"wp:featuredmedia":[{"embeddable":true,"href":"https:\/\/www.polarshop.fi\/de\/wp-json\/wp\/v2\/media\/2672"}],"wp:attachment":[{"href":"https:\/\/www.polarshop.fi\/de\/wp-json\/wp\/v2\/media?parent=2463"}],"wp:term":[{"taxonomy":"product_brand","embeddable":true,"href":"https:\/\/www.polarshop.fi\/de\/wp-json\/wp\/v2\/product_brand?post=2463"},{"taxonomy":"product_cat","embeddable":true,"href":"https:\/\/www.polarshop.fi\/de\/wp-json\/wp\/v2\/product_cat?post=2463"},{"taxonomy":"product_tag","embeddable":true,"href":"https:\/\/www.polarshop.fi\/de\/wp-json\/wp\/v2\/product_tag?post=2463"}],"curies":[{"name":"wp","href":"https:\/\/api.w.org\/{rel}","templated":true}]}}