{"id":1199,"date":"2020-09-07T15:23:12","date_gmt":"2020-09-07T12:23:12","guid":{"rendered":"http:\/\/cloud25.hostingpalvelu.fi\/~polargri\/polarshop_NEW\/?page_id=1199"},"modified":"2026-01-07T12:17:57","modified_gmt":"2026-01-07T10:17:57","slug":"lieferbedingungen","status":"publish","type":"page","link":"https:\/\/www.polarshop.fi\/de\/lieferbedingungen\/","title":{"rendered":"Lieferbedingungen"},"content":{"rendered":"<h2>\u00a0 LIEFERBEDINGUNGEN<\/h2>\n<p>G\u00fcltig ab 28.08.2025<\/p>\n<p><strong>Allgemeine Informationen zum Polar Shop<\/strong><\/p>\n<p>Die im Online-Shop Polar Shop angebotenen Produkte werden von Polar Metalli Oy (Business ID FI06793304) verkauft.<\/p>\n<p><strong>Wir verkaufen Produkte an erwachsene Personen nach EU-Mitgliedstaaten\/Territorien, die Mitglieder der EU-Steuerhoheit sind<\/strong> (siehe Liste unter <a href=\"https:\/\/ec.europa.eu\/taxation_customs\/business\/vat\/eu-vat-rules-topic\/territorial-status-eu-countries-certain-territories_en\" target=\"_blank\" rel=\"noopener noreferrer\">https:\/\/ec.europa.eu\/taxation_customs\/business\/vat\/eu-vat-rules-topic\/territorial-status-eu-countries-certain-territories_en<\/a>), AUSGENOMMEN Gro\u00dfbritannien und Irland.<\/p>\n<p>Unsere Preise verstehen sich inklusive der gesetzlichen Mehrwertsteuer. Alle unsere Preise sind in Euro (\u20ac) angegeben.<\/p>\n<p><strong>Wenn Sie au\u00dferhalb der EU oder in einem EU-Gebiet wohnen, in dem die EU-Vorschriften f\u00fcr Zoll, Mehrwertsteuer und Verbrauchsteuern nicht gelten, wenden Sie sich bitte an unseren Kundendienst (<a href=\"mailto:info@polarmetalli.fi\">info@polarmetalli.fi<\/a>), um eine Bestellung aufzugeben.<\/strong><\/p>\n<p>Wir behalten uns das Recht vor, eine Transaktion zu stornieren oder Preise zu \u00e4ndern, wenn das bestellte Produkt oder sein Preis nicht dem tats\u00e4chlichen Marktpreis entspricht, z.B. aufgrund eines technischen Fehlers im Online-Shop.<\/p>\n<p>Mit der Bestellung ist der Kunde an diese Lieferbedingungen gebunden.<\/p>\n<p><strong>Bestellung und Auftragsbest\u00e4tigung<\/strong><\/p>\n<p>Die Produkte werden online \u00fcber den Einkaufskorb unter https:\/\/www.polarshop.fi\/de bestellt<\/p>\n<p>Alle Bestellungen werden durch eine E-Mail best\u00e4tigt, in der die bestellten Artikel, die Lieferadresse, die Versandkosten sowie der gesamte Rechnungsbetrag aufgef\u00fchrt sind. Um eine Auftragsbest\u00e4tigung zu erhalten, muss der Kunde bei der Bestellung seine E-Mail-Adresse angeben. Ein im Polar Shop registrierter Kunde kann den Inhalt seiner Bestellung \u00fcber das Benutzerkonto auf unserer Website einsehen.<\/p>\n<p>Mit jeder Bestellung erkl\u00e4rt sich der Kunde damit einverstanden, an die aktuellen Gesch\u00e4ftsbedingungen auf unserer Website gebunden zu sein.<\/p>\n<p><strong>Zeit, Methode und Lieferkosten<\/strong><\/p>\n<p>Wir versenden Produkte jeden Werktag. Die Lieferzeit einer Bestellung h\u00e4ngt von den Produkten und der gew\u00e4hlten Versandart ab. In der Regel wird jedes bestellte Produkt von unserem Werk innerhalb einer Woche ab Bestelldatum versandt, S4 Grills und Ember Crown innerhalb 3 Wochen und danach liefert der Spediteur das Produkt in etwa 5 bis 10 Tagen an. Wenn Sie Ihre Bestellung nicht innerhalb eines Monats nach Auftragserteilung erhalten haben, wenden Sie sich bitte an unseren Kundenservice (info@polarmetalli.fi oder telefonisch unter: +358 400 284 400). Der Polar Shop Online-Shop (Polar Metalli Oy) haftet nicht f\u00fcr Sch\u00e4den und\/oder zus\u00e4tzliche Kosten, die durch eine versp\u00e4tete Lieferung entstehen und vom der Kunde getragen werden.<\/p>\n<p>Wir liefern Bestellungen als Postpakete oder als Hauszustellung. Die Paketlieferungen werden von Posti abgewickelt und Palettenlieferungen von DB Schenker, DSV, DHL, Kuehne+Nagel oder einem anderen Speditionsunternehmen \u00fcbernommen. Ein Paket kann mit dem Tracking-Code verfolgt werden. Es ist auch m\u00f6glich, den Artikel werktags von 9.00 bis 16.00 Uhr finnischer Zeit in den Gesch\u00e4ftsr\u00e4umen der Polar Metalli Oy in Finnland, Keminmaa, abzuholen. In diesem Fall ist es ratsam, im Voraus zu pr\u00fcfen, ob das Produkt verf\u00fcgbar ist, indem Sie unseren Kundenservice anrufen (Tel. +358 400 284 400).<\/p>\n<p>Die Liefer- und Verpackungskosten sind in den Preisen enthalten. Wir berechnen keine zus\u00e4tzlichen Versandkosten.<\/p>\n<p><strong>Recht, die Lieferbedingungen zu \u00e4ndern<\/strong><\/p>\n<p>Wir behalten uns das Recht vor, unsere Lieferbedingungen zu \u00e4ndern. Bevor der Kunde einen Auftrag erteilt muss er die aktuellen Lieferbedingungen lesen.<\/p>\n<p><strong>Vertraulichkeit<\/strong><\/p>\n<p>Wir behandeln alle auf den Kunden bezogene Informationen vertraulich.<\/p>\n","protected":false},"excerpt":{"rendered":"<p>\u00a0 LIEFERBEDINGUNGEN G\u00fcltig ab 28.08.2025 Allgemeine Informationen zum Polar Shop Die im Online-Shop Polar Shop angebotenen Produkte werden von Polar Metalli Oy (Business ID FI06793304) verkauft. Wir verkaufen Produkte an erwachsene Personen nach EU-Mitgliedstaaten\/Territorien, die Mitglieder der EU-Steuerhoheit sind (siehe Liste unter https:\/\/ec.europa.eu\/taxation_customs\/business\/vat\/eu-vat-rules-topic\/territorial-status-eu-countries-certain-territories_en), AUSGENOMMEN Gro\u00dfbritannien und Irland. Unsere Preise verstehen sich inklusive der gesetzlichen Mehrwertsteuer. [&hellip;]<\/p>\n","protected":false},"author":1,"featured_media":0,"parent":0,"menu_order":0,"comment_status":"closed","ping_status":"closed","template":"","meta":{"_acf_changed":false,"footnotes":""},"class_list":["post-1199","page","type-page","status-publish","hentry"],"acf":[],"_links":{"self":[{"href":"https:\/\/www.polarshop.fi\/de\/wp-json\/wp\/v2\/pages\/1199","targetHints":{"allow":["GET"]}}],"collection":[{"href":"https:\/\/www.polarshop.fi\/de\/wp-json\/wp\/v2\/pages"}],"about":[{"href":"https:\/\/www.polarshop.fi\/de\/wp-json\/wp\/v2\/types\/page"}],"author":[{"embeddable":true,"href":"https:\/\/www.polarshop.fi\/de\/wp-json\/wp\/v2\/users\/1"}],"replies":[{"embeddable":true,"href":"https:\/\/www.polarshop.fi\/de\/wp-json\/wp\/v2\/comments?post=1199"}],"version-history":[{"count":16,"href":"https:\/\/www.polarshop.fi\/de\/wp-json\/wp\/v2\/pages\/1199\/revisions"}],"predecessor-version":[{"id":6285,"href":"https:\/\/www.polarshop.fi\/de\/wp-json\/wp\/v2\/pages\/1199\/revisions\/6285"}],"wp:attachment":[{"href":"https:\/\/www.polarshop.fi\/de\/wp-json\/wp\/v2\/media?parent=1199"}],"curies":[{"name":"wp","href":"https:\/\/api.w.org\/{rel}","templated":true}]}}